{"id":27,"date":"2020-06-01T00:00:00","date_gmt":"2020-06-01T00:00:00","guid":{"rendered":"https:\/\/kakosmrsaviti.info\/shop\/product\/formula-2-kompleks-vitamina-i-minerala-za-muskarce\/"},"modified":"2026-04-07T14:08:38","modified_gmt":"2026-04-07T12:08:38","slug":"formula-2-kompleks-vitamina-i-minerala-za-muskarce","status":"publish","type":"product","link":"https:\/\/kakosmrsaviti.info\/shop\/product\/formula-2-kompleks-vitamina-i-minerala-za-muskarce\/","title":{"rendered":"Formula 2 kompleks vitamina i minerala za mu\u0161karce"},"content":{"rendered":"","protected":false},"excerpt":{"rendered":"<p>Formula 2 Kompleks vitamina i minerala za mu\u0161karce prakti\u010dan je izvor 24 hranjive tvari koje su potrebne va\u0161em tijelu. Sadr\u017ei upravo onoliko esencijalnih vitamina i minerala koliko je potrebno za ciljano zadovoljavanje svakodnevnih zdravstvenih potreba mu\u0161karaca.<\/p>\n<p>Klju\u010dne prednosti:<\/p>\n<p>Prilago\u0111en specifi\u010dnim zdravstvenim potrebama mu\u0161karaca.<br \/>\nSadr\u017ei optimalne koli\u010dine klju\u010dnih vitamina i minerala potrebnih va\u0161em tijelu.<br \/>\nZa ovaj proizvod postoji 71 pojedina\u010dna tvrdnja odobrena u EU.<br \/>\nRazvili su ga stru\u010dnjaci za prehranu, a temelji se na dokazani znanstvenim spoznajama.<br \/>\nFormuliran kako bi djelovao u kombinaciji s va\u0161im omiljenim Formula 1 shakeom.<br \/>\nSadr\u017ei vitamine A i C, koji doprinose normalnoj funkciji imunolo\u0161kog sustava.<br \/>\nSadr\u017ei magnezij, koji doprinosi normalnoj funkciji mi\u0161i\u0107a.<br \/>\nSadr\u017ei riboflavin, koji doprinosinormalnom metabolizmu stvaranja energije.<br \/>\nSadr\u017ei pantotensku kiselinu, koja doprinosi normalnim mentalnim sposobnostima.<\/p>\n<p><a href=\"https:\/\/kakosmrsaviti.info\/shop\/wp-content\/uploads\/2020\/06\/1745_l.png\"><img loading=\"lazy\" decoding=\"async\" class=\"alignnone wp-image-1447 size-large\" src=\"https:\/\/kakosmrsaviti.info\/shop\/wp-content\/uploads\/2020\/06\/1745_l-1024x366.png\" alt=\"\" width=\"1024\" height=\"366\" srcset=\"https:\/\/kakosmrsaviti.info\/shop\/wp-content\/uploads\/2020\/06\/1745_l-1024x366.png 1024w, https:\/\/kakosmrsaviti.info\/shop\/wp-content\/uploads\/2020\/06\/1745_l-600x215.png 600w, https:\/\/kakosmrsaviti.info\/shop\/wp-content\/uploads\/2020\/06\/1745_l-300x107.png 300w, https:\/\/kakosmrsaviti.info\/shop\/wp-content\/uploads\/2020\/06\/1745_l-768x275.png 768w, https:\/\/kakosmrsaviti.info\/shop\/wp-content\/uploads\/2020\/06\/1745_l-1536x550.png 1536w, https:\/\/kakosmrsaviti.info\/shop\/wp-content\/uploads\/2020\/06\/1745_l.png 1551w\" sizes=\"auto, (max-width: 1024px) 100vw, 1024px\" \/><\/a><\/p>\n","protected":false},"featured_media":28,"comment_status":"closed","ping_status":"closed","template":"","meta":[],"product_brand":[],"product_cat":[19],"product_tag":[],"class_list":{"0":"post-27","1":"product","2":"type-product","3":"status-publish","4":"has-post-thumbnail","6":"product_cat-ciljana-prehrana","8":"first","9":"instock","10":"shipping-taxable","11":"purchasable","12":"product-type-simple"},"_links":{"self":[{"href":"https:\/\/kakosmrsaviti.info\/shop\/wp-json\/wp\/v2\/product\/27","targetHints":{"allow":["GET"]}}],"collection":[{"href":"https:\/\/kakosmrsaviti.info\/shop\/wp-json\/wp\/v2\/product"}],"about":[{"href":"https:\/\/kakosmrsaviti.info\/shop\/wp-json\/wp\/v2\/types\/product"}],"replies":[{"embeddable":true,"href":"https:\/\/kakosmrsaviti.info\/shop\/wp-json\/wp\/v2\/comments?post=27"}],"wp:featuredmedia":[{"embeddable":true,"href":"https:\/\/kakosmrsaviti.info\/shop\/wp-json\/wp\/v2\/media\/28"}],"wp:attachment":[{"href":"https:\/\/kakosmrsaviti.info\/shop\/wp-json\/wp\/v2\/media?parent=27"}],"wp:term":[{"taxonomy":"product_brand","embeddable":true,"href":"https:\/\/kakosmrsaviti.info\/shop\/wp-json\/wp\/v2\/product_brand?post=27"},{"taxonomy":"product_cat","embeddable":true,"href":"https:\/\/kakosmrsaviti.info\/shop\/wp-json\/wp\/v2\/product_cat?post=27"},{"taxonomy":"product_tag","embeddable":true,"href":"https:\/\/kakosmrsaviti.info\/shop\/wp-json\/wp\/v2\/product_tag?post=27"}],"curies":[{"name":"wp","href":"https:\/\/api.w.org\/{rel}","templated":true}]}}