{"id":2476,"date":"2022-06-22T14:59:19","date_gmt":"2022-06-22T12:59:19","guid":{"rendered":"https:\/\/kakosmrsaviti.info\/shop\/?post_type=product&#038;p=2476"},"modified":"2026-04-07T11:48:35","modified_gmt":"2026-04-07T09:48:35","slug":"formula-1-express-plocice-za-hranjivi-obrok-tamna-cokolada-7-plocica-u-kutiji","status":"publish","type":"product","link":"https:\/\/kakosmrsaviti.info\/shop\/product\/formula-1-express-plocice-za-hranjivi-obrok-tamna-cokolada-7-plocica-u-kutiji\/","title":{"rendered":"Formula 1 Express Plo\u010dice za hranjivi obrok tamna \u010dokolada 7 plo\u010dica u kutiji"},"content":{"rendered":"<p>Nikada vi\u0161e ne presko\u010dite obrok uz neodoljiv okus Formula 1 Express plo\u010dica za hranjiv obrok s okusom tamne \u010dokolade. Ovaj nutritivno cjelovit obrok bogat je proteinima i vlaknima te sadr\u017ei 25 vitamina i minerala.<\/p>\n<p>Ovu smo plo\u010dicu unaprijedili u zamjenski obrok kako bismo vam pomogli da ostvarite svoje ciljeve \u2013 ma gdje bili. Formula 1 Express plo\u010dice prikladne su za vegetarijance i savr\u0161eno su rje\u0161enje za sve koji su na prehrani s ograni\u010denim energetskim unosom, a \u017eele obrok zamijeniti prakti\u010dnom, ukusnom plo\u010dicom koja ima samo 207 kcal. F1 Express plo\u010dice su sada pobolj\u0161anog okusa i teksture, s primamljivom kombinacijom hrskavih ri\u017einih pahuljica i komadi\u0107a \u010dokolade, preliveno bogatom tamnom \u010dokoladom.<\/p>\n<p>Mo\u017eete ih kupiti u kutiji sa 7 pojedina\u010dno pakiranih plo\u010dica, koje su savr\u0161eno rje\u0161enje kada ste u pokretu.<\/p>\n<h5 data-bind=\"visible: KeyBenefits\">Klju\u010dne zna\u010dajke<\/h5>\n<div class=\"disc\" data-bind=\"visible: KeyBenefits, html: KeyBenefits\">\n<ul>\n<li>nutritivno cjelovit obrok<\/li>\n<li>sadr\u017ei 25 vitamina i minerala<\/li>\n<li>bogato proteinima \u2013 svaka plo\u010dica sadr\u017ei 13 g proteina, koji doprinose pove\u0107anju mi\u0161i\u0107ne mase<\/li>\n<li>bogato vlaknima &#8211;\u00a0 svaka plo\u010dica sadr\u017ei 7 g vlakana, \u0161to je 28% preporu\u010denog dnevnog unosa vlakana*<\/li>\n<li>sadr\u017ei vlakna Promitor\u00ae<\/li>\n<li>prikladne za vegetarijansku prehranu<\/li>\n<li>bez umjetnih bojila<\/li>\n<li>ukusna plo\u010dica pobolj\u0161anog okusa i teksture<\/li>\n<li>savr\u0161eno rje\u0161enje kada ste u pokretu<\/li>\n<\/ul>\n<p>*EFSA Panel o dijetetskim proizvodima, prehrani i alergijama\u00a0 (NDA) EFSA Journal 2010; 8(3), 1462.<\/p>\n<\/div>\n<h5 data-bind=\"visible: Usage\">Kori\u0161tenje<\/h5>\n<div class=\"disc\" data-bind=\"visible: Usage, html: Usage\">\n<p>Formula 1 Express plo\u010dice mogu se konzumirati svaki dan kao hranjiv obrok.<\/p>\n<p>Va\u017eno je pridr\u017eavati se raznovrsne i uravnote\u017eene prehrane i zdravog na\u010dina \u017eivota.<\/p>\n<\/div>\n","protected":false},"excerpt":{"rendered":"<div class=\"disc\" data-bind=\"visible: Usage, html: Usage\">\n<ul>\n<li>Ponekad je te\u0161ko pratiti pravilan izbor i unos hrane ako ste stalno u pokretu.<\/li>\n<li>Express plo\u010dice mogu se konzumirati u svako doba dana.<\/li>\n<li>Va\u017eno je pridr\u017eavati se raznovrsne i uravnote\u017eene prehrane i zdravog na\u010dina \u017eivota.<\/li>\n<\/ul>\n<\/div>\n","protected":false},"featured_media":2477,"comment_status":"open","ping_status":"closed","template":"","meta":[],"product_brand":[],"product_cat":[18],"product_tag":[],"class_list":{"0":"post-2476","1":"product","2":"type-product","3":"status-publish","4":"has-post-thumbnail","6":"product_cat-osnovna-prehrana-formula-1","8":"first","9":"instock","10":"shipping-taxable","11":"purchasable","12":"product-type-simple"},"_links":{"self":[{"href":"https:\/\/kakosmrsaviti.info\/shop\/wp-json\/wp\/v2\/product\/2476","targetHints":{"allow":["GET"]}}],"collection":[{"href":"https:\/\/kakosmrsaviti.info\/shop\/wp-json\/wp\/v2\/product"}],"about":[{"href":"https:\/\/kakosmrsaviti.info\/shop\/wp-json\/wp\/v2\/types\/product"}],"replies":[{"embeddable":true,"href":"https:\/\/kakosmrsaviti.info\/shop\/wp-json\/wp\/v2\/comments?post=2476"}],"wp:featuredmedia":[{"embeddable":true,"href":"https:\/\/kakosmrsaviti.info\/shop\/wp-json\/wp\/v2\/media\/2477"}],"wp:attachment":[{"href":"https:\/\/kakosmrsaviti.info\/shop\/wp-json\/wp\/v2\/media?parent=2476"}],"wp:term":[{"taxonomy":"product_brand","embeddable":true,"href":"https:\/\/kakosmrsaviti.info\/shop\/wp-json\/wp\/v2\/product_brand?post=2476"},{"taxonomy":"product_cat","embeddable":true,"href":"https:\/\/kakosmrsaviti.info\/shop\/wp-json\/wp\/v2\/product_cat?post=2476"},{"taxonomy":"product_tag","embeddable":true,"href":"https:\/\/kakosmrsaviti.info\/shop\/wp-json\/wp\/v2\/product_tag?post=2476"}],"curies":[{"name":"wp","href":"https:\/\/api.w.org\/{rel}","templated":true}]}}