{"id":24,"date":"2020-06-01T00:00:00","date_gmt":"2020-06-01T00:00:00","guid":{"rendered":"https:\/\/kakosmrsaviti.info\/shop\/product\/formula-2-kompleks-vitamina-i-minerala-za-zene\/"},"modified":"2026-04-07T14:09:17","modified_gmt":"2026-04-07T12:09:17","slug":"formula-2-kompleks-vitamina-i-minerala-za-zene","status":"publish","type":"product","link":"https:\/\/kakosmrsaviti.info\/shop\/product\/formula-2-kompleks-vitamina-i-minerala-za-zene\/","title":{"rendered":"Formula 2 kompleks vitamina i minerala za \u017eene"},"content":{"rendered":"","protected":false},"excerpt":{"rendered":"<p>Sada je tu Formula 2 Kompleks vitamina i minerala za \u017eene, s kojim na jednostavan na\u010din dobivate 24 hranjive tvari potrebne va\u0161em tijelu. Proizvod sadr\u017ei upravo onoliko esencijalnih vitamina i minerala koliko je potrebno za ciljano zadovoljenje svakodnevnih zdravstvenih potreba \u017eena.<\/p>\n<p>Klju\u010dne prednosti:<\/p>\n<p>Prilago\u0111en specifi\u010dnim zdravstvenim potrebama \u017eena.<br \/>\nSadr\u017ei 24 optimalne koli\u010dine klju\u010dnih vitamina i minerala potrebnih va\u0161em tijelu.<br \/>\nZa ovaj proizvod postoji 71 pojedina\u010dna tvrdnja odobrena u EU.<br \/>\nRazvili su ga stru\u010dnjaci za prehranu, a temelji se na dokazani znanstvenim spoznajama.<br \/>\nFormuliran kako bi djelovao u kombinaciji s va\u0161im omiljenim Formula 1 shakeom.<br \/>\nSadr\u017ei vitamin B6, koji doprinosi regulaciji hormonske aktivnosti.<br \/>\nSadr\u017ei vitamin B12, koji doprinosi normalnom metabolizmu stvaranja energije.<br \/>\nSadr\u017ei kalcij, koji je potreban za odr\u017eavanje normalnih kostiju.<br \/>\nSadr\u017ei cink, koji doprinosi odr\u017eavanju normalne ko\u017ee, kose i noktiju.<\/p>\n<p>&nbsp;<\/p>\n<p><a href=\"https:\/\/kakosmrsaviti.info\/shop\/wp-content\/uploads\/2020\/06\/2038_l.png\"><img loading=\"lazy\" decoding=\"async\" class=\"alignnone wp-image-1446 size-large\" src=\"https:\/\/kakosmrsaviti.info\/shop\/wp-content\/uploads\/2020\/06\/2038_l-1024x360.png\" alt=\"\" width=\"1024\" height=\"360\" srcset=\"https:\/\/kakosmrsaviti.info\/shop\/wp-content\/uploads\/2020\/06\/2038_l-1024x360.png 1024w, https:\/\/kakosmrsaviti.info\/shop\/wp-content\/uploads\/2020\/06\/2038_l-600x211.png 600w, https:\/\/kakosmrsaviti.info\/shop\/wp-content\/uploads\/2020\/06\/2038_l-300x106.png 300w, https:\/\/kakosmrsaviti.info\/shop\/wp-content\/uploads\/2020\/06\/2038_l-768x270.png 768w, https:\/\/kakosmrsaviti.info\/shop\/wp-content\/uploads\/2020\/06\/2038_l-1536x541.png 1536w, https:\/\/kakosmrsaviti.info\/shop\/wp-content\/uploads\/2020\/06\/2038_l.png 1554w\" sizes=\"auto, (max-width: 1024px) 100vw, 1024px\" \/><\/a><\/p>\n","protected":false},"featured_media":25,"comment_status":"closed","ping_status":"closed","template":"","meta":[],"product_brand":[],"product_cat":[19],"product_tag":[],"class_list":{"0":"post-24","1":"product","2":"type-product","3":"status-publish","4":"has-post-thumbnail","6":"product_cat-ciljana-prehrana","8":"first","9":"instock","10":"downloadable","11":"shipping-taxable","12":"purchasable","13":"product-type-simple"},"_links":{"self":[{"href":"https:\/\/kakosmrsaviti.info\/shop\/wp-json\/wp\/v2\/product\/24","targetHints":{"allow":["GET"]}}],"collection":[{"href":"https:\/\/kakosmrsaviti.info\/shop\/wp-json\/wp\/v2\/product"}],"about":[{"href":"https:\/\/kakosmrsaviti.info\/shop\/wp-json\/wp\/v2\/types\/product"}],"replies":[{"embeddable":true,"href":"https:\/\/kakosmrsaviti.info\/shop\/wp-json\/wp\/v2\/comments?post=24"}],"wp:featuredmedia":[{"embeddable":true,"href":"https:\/\/kakosmrsaviti.info\/shop\/wp-json\/wp\/v2\/media\/25"}],"wp:attachment":[{"href":"https:\/\/kakosmrsaviti.info\/shop\/wp-json\/wp\/v2\/media?parent=24"}],"wp:term":[{"taxonomy":"product_brand","embeddable":true,"href":"https:\/\/kakosmrsaviti.info\/shop\/wp-json\/wp\/v2\/product_brand?post=24"},{"taxonomy":"product_cat","embeddable":true,"href":"https:\/\/kakosmrsaviti.info\/shop\/wp-json\/wp\/v2\/product_cat?post=24"},{"taxonomy":"product_tag","embeddable":true,"href":"https:\/\/kakosmrsaviti.info\/shop\/wp-json\/wp\/v2\/product_tag?post=24"}],"curies":[{"name":"wp","href":"https:\/\/api.w.org\/{rel}","templated":true}]}}