{"id":1849,"date":"2021-02-03T11:24:54","date_gmt":"2021-02-03T11:24:54","guid":{"rendered":"https:\/\/kakosmrsaviti.info\/shop\/?post_type=product&#038;p=1849"},"modified":"2026-04-07T12:02:39","modified_gmt":"2026-04-07T10:02:39","slug":"immune-booster","status":"publish","type":"product","link":"https:\/\/kakosmrsaviti.info\/shop\/product\/immune-booster\/","title":{"rendered":"Immune Booster 21 vre\u0107ica"},"content":{"rendered":"<h5 data-bind=\"visible: KeyBenefits\">Klju\u010dne zna\u010dajke:<\/h5>\n<div class=\"disc\" data-bind=\"visible: KeyBenefits, html: KeyBenefits\">\n<ul>\n<li>Osvje\u017eavaju\u0107i okus bobi\u010dastog vo\u0107a.<\/li>\n<li>Sadr\u017ei EpiCor\u00ae, znanstveno dokazan sastojak na bazi su\u0161enog kvasca.<\/li>\n<li>Sadr\u017ei vitamin C i vitamin D te selen i cink, koji doprinose normalnoj funkciji imunolo\u0161kog sustava.<\/li>\n<li>Vitamin C, cink i selen doprinose za\u0161titi stanica od oksidativnog stresa.<\/li>\n<li>Prikladan za vegetarijansku prehranu.<\/li>\n<li>Pakiran je u vre\u0107ice, \u0161to je prakti\u010dno kada ste u pokretu.<\/li>\n<\/ul>\n<\/div>\n<h5 data-bind=\"visible: Usage\">Kori\u0161tenje:<\/h5>\n<div class=\"disc\" data-bind=\"visible: Usage, html: Usage\">Dodajte 1 vre\u0107icu (3,7 g) u 150 ml vode i promije\u0161ajte dok se ne otopi. Popijte jednu \u010da\u0161u jednom dnevno uz obrok. Va\u017eno je pridr\u017eavati se raznovrsne i uravnote\u017eene prehrane i zdravog na\u010dina \u017eivota.<\/div>\n","protected":false},"excerpt":{"rendered":"<p>Immune Booster je pra\u0161kasti dodatak prehrani za napitak s okusom bobi\u010dastog vo\u0107a. Bogat je klju\u010dnim vitaminima i mineralima koji doprinose normalnoj funkciji imunolo\u0161kog sustava. To uklju\u010duje: vitamin C i vitamin D, te selen i cink. Isto tako sadr\u017ei EpiCor\u00ae, znanstveno dokazan sastojak na bazi su\u0161enog kvasca.<br \/>\nImmune Booster je pakiran u vre\u0107ice iprakti\u010dan je kada ste upokretu.<\/p>\n<h2 style=\"text-align: center;\"><strong>091 9483 995<\/strong><\/h2>\n<h2 style=\"text-align: center;\"><strong>\u00a0 Mo\u017eete naru\u010diti svakim danom SMS-om ili pozivom izme\u0111u 07 \u2013 22 sata\u00a0<\/strong><\/h2>\n","protected":false},"featured_media":2653,"comment_status":"closed","ping_status":"closed","template":"","meta":[],"product_brand":[],"product_cat":[22,19,55],"product_tag":[],"class_list":{"0":"post-1849","1":"product","2":"type-product","3":"status-publish","4":"has-post-thumbnail","6":"product_cat-novi-proizvodi","7":"product_cat-ciljana-prehrana","8":"product_cat-najprodavanije","10":"first","11":"instock","12":"shipping-taxable","13":"purchasable","14":"product-type-simple"},"_links":{"self":[{"href":"https:\/\/kakosmrsaviti.info\/shop\/wp-json\/wp\/v2\/product\/1849","targetHints":{"allow":["GET"]}}],"collection":[{"href":"https:\/\/kakosmrsaviti.info\/shop\/wp-json\/wp\/v2\/product"}],"about":[{"href":"https:\/\/kakosmrsaviti.info\/shop\/wp-json\/wp\/v2\/types\/product"}],"replies":[{"embeddable":true,"href":"https:\/\/kakosmrsaviti.info\/shop\/wp-json\/wp\/v2\/comments?post=1849"}],"wp:featuredmedia":[{"embeddable":true,"href":"https:\/\/kakosmrsaviti.info\/shop\/wp-json\/wp\/v2\/media\/2653"}],"wp:attachment":[{"href":"https:\/\/kakosmrsaviti.info\/shop\/wp-json\/wp\/v2\/media?parent=1849"}],"wp:term":[{"taxonomy":"product_brand","embeddable":true,"href":"https:\/\/kakosmrsaviti.info\/shop\/wp-json\/wp\/v2\/product_brand?post=1849"},{"taxonomy":"product_cat","embeddable":true,"href":"https:\/\/kakosmrsaviti.info\/shop\/wp-json\/wp\/v2\/product_cat?post=1849"},{"taxonomy":"product_tag","embeddable":true,"href":"https:\/\/kakosmrsaviti.info\/shop\/wp-json\/wp\/v2\/product_tag?post=1849"}],"curies":[{"name":"wp","href":"https:\/\/api.w.org\/{rel}","templated":true}]}}