{"id":1626,"date":"2020-09-03T20:07:33","date_gmt":"2020-09-03T20:07:33","guid":{"rendered":"https:\/\/kakosmrsaviti.info\/shop\/?post_type=product&#038;p=1626"},"modified":"2026-04-07T12:05:44","modified_gmt":"2026-04-07T10:05:44","slug":"herbalife-clanski-paket","status":"publish","type":"product","link":"https:\/\/kakosmrsaviti.info\/shop\/product\/herbalife-clanski-paket\/","title":{"rendered":"Herbalife \u010dlanski paket"},"content":{"rendered":"","protected":false},"excerpt":{"rendered":"<p><strong>Herbalife \u010dlanski paket sadr\u017ei:<\/strong><\/p>\n<ul>\n<li>Formula 1 Shake okus Vanilije<\/li>\n<li>25% veleprodajni popust<\/li>\n<li>Jedan shaker<\/li>\n<li>Mjerna \u017elica<\/li>\n<li>Kutija za proizvode<\/li>\n<li>Va\u0161 ID broj<\/li>\n<\/ul>\n<p><strong>Naru\u010divanje:<\/strong><\/p>\n<p>Sa svakom kupnjom kao \u010dlan ostvarujete popuste na kupnju proizvoda u postotku 25%, 35%, 42% ili 50% ovisno broju bodova koji se kumulativno zbrajaju kod kupnje svakog proizvoda.<\/p>\n<p>Nakon \u0161to odaberete Herbalife \u010dlanski paket i platite preko ovog shop-a, dobit \u0107ete mail sa informacijama o registraciji. \u010clanski paket \u0107e Vam biti dostavljen regularnom dostavom.<\/p>\n<p>Na mail \u0107ete dobiti i sve ostale potrebne informacije i pomo\u0107 pri kupnji, ukoliko trebate.<\/p>\n<p>U slu\u010daju bilo kakavih potrebnih informacija mo\u017eete \u00a0nazvati ili direktno\u00a0<strong>naru\u010diti<\/strong>\u00a0 na broj mobitela<strong> 091 9483 995 <\/strong>ili poslati mail <strong>portalkakosmrsaviti@gmail.com<\/strong>.<\/p>\n","protected":false},"featured_media":3677,"comment_status":"closed","ping_status":"closed","template":"","meta":[],"product_brand":[],"product_cat":[18],"product_tag":[],"class_list":{"0":"post-1626","1":"product","2":"type-product","3":"status-publish","4":"has-post-thumbnail","6":"product_cat-osnovna-prehrana-formula-1","8":"first","9":"instock","10":"shipping-taxable","11":"purchasable","12":"product-type-simple"},"_links":{"self":[{"href":"https:\/\/kakosmrsaviti.info\/shop\/wp-json\/wp\/v2\/product\/1626","targetHints":{"allow":["GET"]}}],"collection":[{"href":"https:\/\/kakosmrsaviti.info\/shop\/wp-json\/wp\/v2\/product"}],"about":[{"href":"https:\/\/kakosmrsaviti.info\/shop\/wp-json\/wp\/v2\/types\/product"}],"replies":[{"embeddable":true,"href":"https:\/\/kakosmrsaviti.info\/shop\/wp-json\/wp\/v2\/comments?post=1626"}],"wp:featuredmedia":[{"embeddable":true,"href":"https:\/\/kakosmrsaviti.info\/shop\/wp-json\/wp\/v2\/media\/3677"}],"wp:attachment":[{"href":"https:\/\/kakosmrsaviti.info\/shop\/wp-json\/wp\/v2\/media?parent=1626"}],"wp:term":[{"taxonomy":"product_brand","embeddable":true,"href":"https:\/\/kakosmrsaviti.info\/shop\/wp-json\/wp\/v2\/product_brand?post=1626"},{"taxonomy":"product_cat","embeddable":true,"href":"https:\/\/kakosmrsaviti.info\/shop\/wp-json\/wp\/v2\/product_cat?post=1626"},{"taxonomy":"product_tag","embeddable":true,"href":"https:\/\/kakosmrsaviti.info\/shop\/wp-json\/wp\/v2\/product_tag?post=1626"}],"curies":[{"name":"wp","href":"https:\/\/api.w.org\/{rel}","templated":true}]}}