{"id":1530,"date":"2020-06-18T18:46:39","date_gmt":"2020-06-18T18:46:39","guid":{"rendered":"https:\/\/kakosmrsaviti.info\/shop\/?post_type=product&#038;p=1530"},"modified":"2026-04-07T12:06:16","modified_gmt":"2026-04-07T10:06:16","slug":"biljni-koncentrat-aloe-vere-okus-orginal","status":"publish","type":"product","link":"https:\/\/kakosmrsaviti.info\/shop\/product\/biljni-koncentrat-aloe-vere-okus-orginal\/","title":{"rendered":"Biljni koncentrat Aloe Vere okus orginal"},"content":{"rendered":"","protected":false},"excerpt":{"rendered":"<p><strong>Napitak od biljnog koncentrata aloje, okus orginal<\/strong><\/p>\n<p>Biljni koncentrat aloje vere proizveden od umiruju\u0107eg lista aloje vere. Radi se o osvje\u017eavaju\u0107em napitku bez dodatnog \u0161e\u0107era koji sadr\u017ei sok aloje vere.<\/p>\n<ul>KLJU\u010cNE PREDNOSTI<\/p>\n<li>Sadr\u017ei 40% soka aloje vere dobivenog iz lista biljke<\/li>\n<li>Bez dodatka \u0161e\u0107era<\/li>\n<li>Dodavanjem Biljnog koncentrata aloje vodi dobiva se osvje\u017eavaju\u0107i napitak umiruju\u0107ih svojstava koji vas mo\u017ee potaknuti da pijete vi\u0161e vode i tako lak\u0161e ispunite potreban unos teku\u0107ine od 2-2,5 litre dnevno<\/li>\n<\/ul>\n<p>ZA\u0160TO VAM TREBA?<br \/>\nBez obzira poku\u0161avate li kontrolirati te\u017einu ili jednostavno \u017eivite u\u017eurbano i aktivno, ponekad mo\u017ee biti te\u0161ko osigurati da va\u0161 organizam uvijek dobiva potreban dnevni unos od 2-2,5 litara teku\u0107ine. Biljni koncentrat aloje s okusom manga predstavlja idealan na\u010din da pove\u0107ate svoj unos teku\u0107ine u\u017eivaju\u0107i u zdravom, osvje\u017eavaju\u0107em napitku odli\u010dnog okusa.<\/p>\n<p>KORI\u0160TENJE<br \/>\nPomije\u0161ajte 3-4 \u010depa (15-20ml) s \u00bd \u0161alice (120ml) vode.<\/p>\n<p>&nbsp;<\/p>\n<p><img loading=\"lazy\" decoding=\"async\" class=\"alignnone wp-image-1533 size-full\" src=\"https:\/\/kakosmrsaviti.info\/shop\/wp-content\/uploads\/2020\/06\/0006_l.png\" alt=\"\" width=\"855\" height=\"745\" srcset=\"https:\/\/kakosmrsaviti.info\/shop\/wp-content\/uploads\/2020\/06\/0006_l.png 855w, https:\/\/kakosmrsaviti.info\/shop\/wp-content\/uploads\/2020\/06\/0006_l-600x523.png 600w, https:\/\/kakosmrsaviti.info\/shop\/wp-content\/uploads\/2020\/06\/0006_l-300x261.png 300w, https:\/\/kakosmrsaviti.info\/shop\/wp-content\/uploads\/2020\/06\/0006_l-768x669.png 768w\" sizes=\"auto, (max-width: 855px) 100vw, 855px\" \/><\/p>\n","protected":false},"featured_media":1532,"comment_status":"closed","ping_status":"closed","template":"","meta":[],"product_brand":[],"product_cat":[18],"product_tag":[],"class_list":{"0":"post-1530","1":"product","2":"type-product","3":"status-publish","4":"has-post-thumbnail","6":"product_cat-osnovna-prehrana-formula-1","8":"first","9":"instock","10":"shipping-taxable","11":"purchasable","12":"product-type-simple"},"_links":{"self":[{"href":"https:\/\/kakosmrsaviti.info\/shop\/wp-json\/wp\/v2\/product\/1530","targetHints":{"allow":["GET"]}}],"collection":[{"href":"https:\/\/kakosmrsaviti.info\/shop\/wp-json\/wp\/v2\/product"}],"about":[{"href":"https:\/\/kakosmrsaviti.info\/shop\/wp-json\/wp\/v2\/types\/product"}],"replies":[{"embeddable":true,"href":"https:\/\/kakosmrsaviti.info\/shop\/wp-json\/wp\/v2\/comments?post=1530"}],"wp:featuredmedia":[{"embeddable":true,"href":"https:\/\/kakosmrsaviti.info\/shop\/wp-json\/wp\/v2\/media\/1532"}],"wp:attachment":[{"href":"https:\/\/kakosmrsaviti.info\/shop\/wp-json\/wp\/v2\/media?parent=1530"}],"wp:term":[{"taxonomy":"product_brand","embeddable":true,"href":"https:\/\/kakosmrsaviti.info\/shop\/wp-json\/wp\/v2\/product_brand?post=1530"},{"taxonomy":"product_cat","embeddable":true,"href":"https:\/\/kakosmrsaviti.info\/shop\/wp-json\/wp\/v2\/product_cat?post=1530"},{"taxonomy":"product_tag","embeddable":true,"href":"https:\/\/kakosmrsaviti.info\/shop\/wp-json\/wp\/v2\/product_tag?post=1530"}],"curies":[{"name":"wp","href":"https:\/\/api.w.org\/{rel}","templated":true}]}}