{"id":1467,"date":"2020-06-08T17:51:16","date_gmt":"2020-06-08T17:51:16","guid":{"rendered":"https:\/\/kakosmrsaviti.info\/shop\/?post_type=product&#038;p=1467"},"modified":"2026-04-07T12:14:47","modified_gmt":"2026-04-07T10:14:47","slug":"herbalifeline-max","status":"publish","type":"product","link":"https:\/\/kakosmrsaviti.info\/shop\/product\/herbalifeline-max\/","title":{"rendered":"Herbalifeline \u00ae Max Omega 3"},"content":{"rendered":"","protected":false},"excerpt":{"rendered":"<p>Herbalifeline \u00ae Max Omega 3 je dodatak prehrani bogat omega-3 esencijalnim masnim kiselinama EPA i DHA, koje doprinose normalnoj funkciji srca i odr\u017eavanju normalnog krvnog pritiska i razina triglicerina u krvi. DHA doprinosi i odr\u017eavanju normalne funkcije mozga i normalnog vida.<\/p>\n<p>KLJU\u010cNE PREDNOSTI<br \/>\n\u2022 5 blagotvornih u\u010dinaka za zdravlje:<br \/>\n\u2013 EPA i DHA doprinose normalnoj funkciji srca* (1 kapsula)<br \/>\n\u2013 DHA doprinosi odr\u017eavanju normalne funkcije mozga** (1 kapsula)<br \/>\n\u2013 DHA doprinosi odr\u017eavanju normalnog vida** (1 kapsula)<br \/>\n\u2013 EPA i DHA doprinose odr\u017eavanju normalnih razina triglicerida u krvi*** (4 kapsule)<br \/>\n\u2013 EPA i DHA doprinose odr\u017eavanju normalnog krvnog pritiska**** (5 kapsula)<\/p>\n<p>\u2022 Riblje ulje iz odr\u017eivih izvora, s oznakom organizacije Friend of the Sea<\/p>\n<p>\u2022 Ne ostaje okus po ribi jer proizvod sadr\u017ei esencijalna ulja timijana i paprene metvice<\/p>\n<p>\u2022 Svi sastojci proizvoda Herbalifeline\u00ae Max sigurno su zatvoreni u kapsuli od gela prikladnog za vegetarijance<\/p>\n<p>KAKO VAM MO\u017dE POMO\u0106I?<br \/>\nIstra\u017eivanja su pokazala da zapadnja\u010dka prehrana \u010desto sadr\u017ei vrlo malo omega-3 masnih kiselina dugog lanca (EPA i DHA) (Simopoulos, 2002, 2011)*, pa bi zato moglo biti korisno uzimati dodatke prehrani. Da bi se postigao preporu\u010deni unos omega-3 masnih kiselina, nutricionisti savjetuju konzumiranje izme\u0111u 2 i 3 porcije ribe tjedno (AHA, 2012)**.<br \/>\nUzimanjem samo 1 kapsule Herbalifeline\u00ae Max lak\u0161e \u0107e se posti\u0107i potreban svakodnevni optimalan unos 250 mg\u00a0 DHA i EPA .<\/p>\n<p>*Simopoulos, A. P. (2002). Va\u017enost omjera omega-6\/omega-3 esencijalnih masnih kiselina. Biomed Pharmacother, 56(8), 365-379.<br \/>\nSimopoulos, A. P. (2011). Va\u017enost ravnote\u017ee omega-6\/omega-3 kod zdravlja i bolesti: evolucijski aspekti prehrane. World Rev Nutr Diet, 102, 10-21. doi: 10.1159\/000327785<br \/>\n** AHA (2012). Fish 101. from Dallas, TX: American Heart Association<\/p>\n<p>KORI\u0160TENJE<br \/>\nUzmite 1, 4 ili 5 kapsula (ovisno o tome \u0161to \u017eelite posti\u0107i) s vodom.<br \/>\nPo mogu\u0107nosti uzimati uz obroke, raspore\u0111eno tijekom dana<\/p>\n<p>*Blagotvorni u\u010dinak posti\u017ee se s dnevnim unosom 250 mg EPA i DHA.<br \/>\n**Blagotvorni u\u010dinci posti\u017eu se s dnevnim unosom 250 mg DHA.<br \/>\n***Blagotvorni u\u010dinak posti\u017ee se s dnevnim unosom 2 g EPA i DHA.<br \/>\n****Blagotvorni u\u010dinak posti\u017ee se s dnevnim unosom 3 g EPA i DHA<br \/>\nKroz dodatke prehrani ne smije se prekora\u010diti ukupni dnevni unos od 5 g\u00a0 EPA i DHA zajedno.<\/p>\n<p><a href=\"https:\/\/kakosmrsaviti.info\/shop\/wp-content\/uploads\/2020\/06\/0043_l.jpg\"><img loading=\"lazy\" decoding=\"async\" class=\"alignnone wp-image-1468 size-large\" src=\"https:\/\/kakosmrsaviti.info\/shop\/wp-content\/uploads\/2020\/06\/0043_l-730x1024.jpg\" alt=\"\" width=\"730\" height=\"1024\" srcset=\"https:\/\/kakosmrsaviti.info\/shop\/wp-content\/uploads\/2020\/06\/0043_l-730x1024.jpg 730w, https:\/\/kakosmrsaviti.info\/shop\/wp-content\/uploads\/2020\/06\/0043_l-600x842.jpg 600w, https:\/\/kakosmrsaviti.info\/shop\/wp-content\/uploads\/2020\/06\/0043_l-214x300.jpg 214w, https:\/\/kakosmrsaviti.info\/shop\/wp-content\/uploads\/2020\/06\/0043_l-768x1078.jpg 768w, https:\/\/kakosmrsaviti.info\/shop\/wp-content\/uploads\/2020\/06\/0043_l-1095x1536.jpg 1095w, https:\/\/kakosmrsaviti.info\/shop\/wp-content\/uploads\/2020\/06\/0043_l-1459x2048.jpg 1459w, https:\/\/kakosmrsaviti.info\/shop\/wp-content\/uploads\/2020\/06\/0043_l.jpg 1666w\" sizes=\"auto, (max-width: 730px) 100vw, 730px\" \/><\/a><\/p>\n","protected":false},"featured_media":1469,"comment_status":"closed","ping_status":"closed","template":"","meta":[],"product_brand":[],"product_cat":[19],"product_tag":[],"class_list":{"0":"post-1467","1":"product","2":"type-product","3":"status-publish","4":"has-post-thumbnail","6":"product_cat-ciljana-prehrana","8":"first","9":"instock","10":"shipping-taxable","11":"purchasable","12":"product-type-simple"},"_links":{"self":[{"href":"https:\/\/kakosmrsaviti.info\/shop\/wp-json\/wp\/v2\/product\/1467","targetHints":{"allow":["GET"]}}],"collection":[{"href":"https:\/\/kakosmrsaviti.info\/shop\/wp-json\/wp\/v2\/product"}],"about":[{"href":"https:\/\/kakosmrsaviti.info\/shop\/wp-json\/wp\/v2\/types\/product"}],"replies":[{"embeddable":true,"href":"https:\/\/kakosmrsaviti.info\/shop\/wp-json\/wp\/v2\/comments?post=1467"}],"wp:featuredmedia":[{"embeddable":true,"href":"https:\/\/kakosmrsaviti.info\/shop\/wp-json\/wp\/v2\/media\/1469"}],"wp:attachment":[{"href":"https:\/\/kakosmrsaviti.info\/shop\/wp-json\/wp\/v2\/media?parent=1467"}],"wp:term":[{"taxonomy":"product_brand","embeddable":true,"href":"https:\/\/kakosmrsaviti.info\/shop\/wp-json\/wp\/v2\/product_brand?post=1467"},{"taxonomy":"product_cat","embeddable":true,"href":"https:\/\/kakosmrsaviti.info\/shop\/wp-json\/wp\/v2\/product_cat?post=1467"},{"taxonomy":"product_tag","embeddable":true,"href":"https:\/\/kakosmrsaviti.info\/shop\/wp-json\/wp\/v2\/product_tag?post=1467"}],"curies":[{"name":"wp","href":"https:\/\/api.w.org\/{rel}","templated":true}]}}