{"id":1460,"date":"2020-06-08T17:40:06","date_gmt":"2020-06-08T17:40:06","guid":{"rendered":"https:\/\/kakosmrsaviti.info\/shop\/?post_type=product&#038;p=1460"},"modified":"2026-04-07T12:15:41","modified_gmt":"2026-04-07T10:15:41","slug":"beta-heart","status":"publish","type":"product","link":"https:\/\/kakosmrsaviti.info\/shop\/product\/beta-heart\/","title":{"rendered":"Beta heart \u00ae"},"content":{"rendered":"","protected":false},"excerpt":{"rendered":"<p>Beta heart \u00ae je hranjivi pra\u0161ak s okusom vanilije, \u010diji je klju\u010dni sastojak beta-glukan iz zobi OatWell\u2122. Pokazalo se da beta-glukan iz zobi sni\u017eava razinu\/smanjuje koli\u010dinu kolesterola u krvi.*<br \/>\n<strong><br \/>\nKLJU\u010cNE PREDNOSTI<\/strong><\/p>\n<ul>\n<li>3 g beta-glukana iz zobi poma\u017ee sniziti razinu kolesterola* (2 mjerice)<\/li>\n<li>1,5 g beta-glukana iz zobi poma\u017ee odr\u017eati razinu kolesterola** (1 mjerica)<\/li>\n<li>Ne sadr\u017ei \u0161e\u0107er<\/li>\n<li>Bez umjetnih zasla\u0111iva\u010da<\/li>\n<li>Bogat vlaknima (3 g po mjerici)<\/li>\n<li>Izvor proteina<\/li>\n<li>25 kcal po mjerici<\/li>\n<\/ul>\n<p><strong>KAKO VAM MO\u017dE POMO\u0106I?<br \/>\n<\/strong>U svakoj \u017eivotnoj dobi na\u010din \u017eivota mo\u017ee imati va\u017enu ulogu u povi\u0161enju razine kolesterola. Pobrinite se za svoje zdravlje u tri jednostavna koraka.<\/p>\n<ol>\n<li><strong>Korak<\/strong>: Hranite se kvalitetno Smanjite unos transmasti i zasi\u0107enim masti jednostavnom zamjenom namirnica:\n<ul>\n<li>Integralni kruh\/tjestenina umjesto bijelog kruha\/tjestenine.<\/li>\n<li>Masna riba ili nemasno meso peradi umjesto prera\u0111enog ili crvenog mesa.<\/li>\n<li>Ora\u0161asti plodovi, sjemenke ili zrna soje umjesto gotovih grickalica.<\/li>\n<\/ul>\n<\/li>\n<li><strong>Korak<\/strong>: Pokrenite se Aktivnost poma\u017ee dizanju razine \u2018dobrog\u2019 kolesterola (HDL)u krvi. Poti\u010de otpremanje masnih naslaga u jetru, \u010dime se odr\u017eava dobro stanje srca i krvnih \u017eila. Sve \u0161to trebate u\u010dniti je vje\u017ebati umjerenim intenzitetom 150 minuta tjedno** \u2013 probajte vje\u017ebati po 30 minuta, 5 dana u tjednu!<\/li>\n<li><strong>Korak<\/strong>: Pametno nadopunite svoju prehranu Jedna porcija Beta heart\u00ae bogata je vlaknima i izvor je proteina, a dobivate i 1,5 g beta-glukana \u2013 topivih vlakana iz mekinja zobi, koja poma\u017eu sniziti ili odr\u017eati razinu kolesterola.*<\/li>\n<\/ol>\n<p><em>* Pokazalo se da beta-glukan iz zobi sni\u017eava razinu\/smanjuje koli\u010dinu kolesterola u krvi. Visok kolesterol je \u010dimbenik rizika u razvoju koronarne bolesti srca. Beta-glukani iz zobi doprinose odr\u017eavanju normalnih razina kolesterola u krvi. Koronarna bolest srca ima vi\u0161e \u010dimbenika rizika i promjena jednog od tih \u010dimbenika rizika mo\u017ee, ali ne mora imati blagotvoran u\u010dinak.<\/em><\/p>\n<p>**NHS smjernice: Visok kolesterol\u2013 prevencija. Objavljeno 16\/08\/2013.<\/p>\n<p>&nbsp;<\/p>\n<p><a href=\"https:\/\/kakosmrsaviti.info\/shop\/wp-content\/uploads\/2020\/06\/beta_heart_BRO.png\"><img loading=\"lazy\" decoding=\"async\" class=\"alignnone wp-image-1461 size-full\" src=\"https:\/\/kakosmrsaviti.info\/shop\/wp-content\/uploads\/2020\/06\/beta_heart_BRO.png\" alt=\"\" width=\"727\" height=\"366\" srcset=\"https:\/\/kakosmrsaviti.info\/shop\/wp-content\/uploads\/2020\/06\/beta_heart_BRO.png 727w, https:\/\/kakosmrsaviti.info\/shop\/wp-content\/uploads\/2020\/06\/beta_heart_BRO-600x302.png 600w, https:\/\/kakosmrsaviti.info\/shop\/wp-content\/uploads\/2020\/06\/beta_heart_BRO-300x151.png 300w\" sizes=\"auto, (max-width: 727px) 100vw, 727px\" \/><\/a><\/p>\n","protected":false},"featured_media":1462,"comment_status":"closed","ping_status":"closed","template":"","meta":[],"product_brand":[],"product_cat":[19],"product_tag":[],"class_list":{"0":"post-1460","1":"product","2":"type-product","3":"status-publish","4":"has-post-thumbnail","6":"product_cat-ciljana-prehrana","8":"first","9":"instock","10":"shipping-taxable","11":"purchasable","12":"product-type-simple"},"_links":{"self":[{"href":"https:\/\/kakosmrsaviti.info\/shop\/wp-json\/wp\/v2\/product\/1460","targetHints":{"allow":["GET"]}}],"collection":[{"href":"https:\/\/kakosmrsaviti.info\/shop\/wp-json\/wp\/v2\/product"}],"about":[{"href":"https:\/\/kakosmrsaviti.info\/shop\/wp-json\/wp\/v2\/types\/product"}],"replies":[{"embeddable":true,"href":"https:\/\/kakosmrsaviti.info\/shop\/wp-json\/wp\/v2\/comments?post=1460"}],"wp:featuredmedia":[{"embeddable":true,"href":"https:\/\/kakosmrsaviti.info\/shop\/wp-json\/wp\/v2\/media\/1462"}],"wp:attachment":[{"href":"https:\/\/kakosmrsaviti.info\/shop\/wp-json\/wp\/v2\/media?parent=1460"}],"wp:term":[{"taxonomy":"product_brand","embeddable":true,"href":"https:\/\/kakosmrsaviti.info\/shop\/wp-json\/wp\/v2\/product_brand?post=1460"},{"taxonomy":"product_cat","embeddable":true,"href":"https:\/\/kakosmrsaviti.info\/shop\/wp-json\/wp\/v2\/product_cat?post=1460"},{"taxonomy":"product_tag","embeddable":true,"href":"https:\/\/kakosmrsaviti.info\/shop\/wp-json\/wp\/v2\/product_tag?post=1460"}],"curies":[{"name":"wp","href":"https:\/\/api.w.org\/{rel}","templated":true}]}}