{"id":1457,"date":"2020-06-08T17:36:34","date_gmt":"2020-06-08T17:36:34","guid":{"rendered":"https:\/\/kakosmrsaviti.info\/shop\/?post_type=product&#038;p=1457"},"modified":"2026-04-07T12:16:13","modified_gmt":"2026-04-07T10:16:13","slug":"napitak-od-zobi-jabuka-i-vlakna","status":"publish","type":"product","link":"https:\/\/kakosmrsaviti.info\/shop\/product\/napitak-od-zobi-jabuka-i-vlakna\/","title":{"rendered":"Napitak od zobi, jabuka i vlakna"},"content":{"rendered":"","protected":false},"excerpt":{"rendered":"<p>Napitak od zobi, jabuke i vlakana je ukusno i jednostavno rje\u0161enje za pove\u0107anje dnevnog unosa vlakana i pomo\u0107 pri odr\u017eavanju zdrave probave*<\/p>\n<p>Sadr\u017ei 2 vrste vlakana:<\/p>\n<p>Topljiva vlakna poput onih koja se nalaze u jabukama, zobi, grahu i sli\u010dnoj hrani poznata je po svojoj tendenciji da se zgusne kada je izlo\u017eena vodi. To vam poma\u017ee da se osje\u0107ate puno sitije kada jedete hranu koja sadr\u017ei topiva vlakna. Topljiva vlakna tako\u0111er mogu djelovati probioti\u010dki, podr\u017eavaju\u0107i ravnote\u017eu va\u0161eg mikroorganizama crijeva djeluju\u0107i kao izvor hrane za bakterije.\u00a0S druge strane, netopiva vlakna mogu se na\u0107i u hrani sa cjelovitom zrnom i odre\u0111enim vrstama povr\u0107a i poma\u017eu da\u00a0 se probavljena hrana kre\u0107e kroz probavni trakt, \u010dime se poti\u010de redovitost.<\/p>\n<p><strong>Klju\u010dne prednosti<\/strong><\/p>\n<p><strong>Jedna porcija nudi<\/strong><br \/>\n1. 5 g vlakana<br \/>\n2. 6 prirodnih izvora vlakana<br \/>\n3. 18 kcal po porciji<br \/>\n4. Ne sadr\u017ei \u0161e\u0107er**<br \/>\n5. Bez umjetnih zasla\u0111iva\u010da<br \/>\n6. Sadr\u017ei topiva i netopiva vlakna<br \/>\n7. Pomije\u0161ajte s vodom ili dodajte u va\u0161 omiljeni Formula 1 shake<\/p>\n<p><strong>Kako vam mo\u017ee pomo\u0107i?<\/strong><\/p>\n<p>Napitak od zobi, jabuke i vlakana mo\u017ee vam pomo\u0107i da dosegnete preporu\u010deni dnevni unos vlakana (za odrasle je to 25 g dnevno)***.<\/p>\n<p><strong>Kori\u0161tenje<\/strong><\/p>\n<p>Jednu mjericu (6,8 g) pomije\u0161ajte sa 150 ml vode ili dodajte u svoju omiljenu mje\u0161avinu za shake.<\/p>\n<p>Ovaj proizvod uzimajte u okviru uravnote\u017eene i raznolike prehrane, kao dio zdravog, aktivnog na\u010dina \u017eivota.<\/p>\n<p><em>*vlakna iz zrna zobi doprinose pove\u0107anju volumena stolice.<br \/>\n** Sadr\u017ei 0,1 g \u0161e\u0107era u prirodnom obliku.<br \/>\n***EFSA Panel diskusija o dijetetskim proizvodima, prehrani i alergijama (NDA).EFSA Journal 2010; 8(3):1462.<\/em><\/p>\n<p><a href=\"https:\/\/kakosmrsaviti.info\/shop\/wp-content\/uploads\/2020\/06\/2554_l.png\"><img loading=\"lazy\" decoding=\"async\" class=\"alignnone wp-image-1458 size-large\" src=\"https:\/\/kakosmrsaviti.info\/shop\/wp-content\/uploads\/2020\/06\/2554_l-1024x185.png\" alt=\"\" width=\"1024\" height=\"185\" srcset=\"https:\/\/kakosmrsaviti.info\/shop\/wp-content\/uploads\/2020\/06\/2554_l-1024x185.png 1024w, https:\/\/kakosmrsaviti.info\/shop\/wp-content\/uploads\/2020\/06\/2554_l-600x108.png 600w, https:\/\/kakosmrsaviti.info\/shop\/wp-content\/uploads\/2020\/06\/2554_l-300x54.png 300w, https:\/\/kakosmrsaviti.info\/shop\/wp-content\/uploads\/2020\/06\/2554_l-768x139.png 768w, https:\/\/kakosmrsaviti.info\/shop\/wp-content\/uploads\/2020\/06\/2554_l-1536x277.png 1536w, https:\/\/kakosmrsaviti.info\/shop\/wp-content\/uploads\/2020\/06\/2554_l.png 1762w\" sizes=\"auto, (max-width: 1024px) 100vw, 1024px\" \/><\/a><\/p>\n","protected":false},"featured_media":1459,"comment_status":"closed","ping_status":"closed","template":"","meta":[],"product_brand":[],"product_cat":[19],"product_tag":[],"class_list":{"0":"post-1457","1":"product","2":"type-product","3":"status-publish","4":"has-post-thumbnail","6":"product_cat-ciljana-prehrana","8":"first","9":"instock","10":"shipping-taxable","11":"purchasable","12":"product-type-simple"},"_links":{"self":[{"href":"https:\/\/kakosmrsaviti.info\/shop\/wp-json\/wp\/v2\/product\/1457","targetHints":{"allow":["GET"]}}],"collection":[{"href":"https:\/\/kakosmrsaviti.info\/shop\/wp-json\/wp\/v2\/product"}],"about":[{"href":"https:\/\/kakosmrsaviti.info\/shop\/wp-json\/wp\/v2\/types\/product"}],"replies":[{"embeddable":true,"href":"https:\/\/kakosmrsaviti.info\/shop\/wp-json\/wp\/v2\/comments?post=1457"}],"wp:featuredmedia":[{"embeddable":true,"href":"https:\/\/kakosmrsaviti.info\/shop\/wp-json\/wp\/v2\/media\/1459"}],"wp:attachment":[{"href":"https:\/\/kakosmrsaviti.info\/shop\/wp-json\/wp\/v2\/media?parent=1457"}],"wp:term":[{"taxonomy":"product_brand","embeddable":true,"href":"https:\/\/kakosmrsaviti.info\/shop\/wp-json\/wp\/v2\/product_brand?post=1457"},{"taxonomy":"product_cat","embeddable":true,"href":"https:\/\/kakosmrsaviti.info\/shop\/wp-json\/wp\/v2\/product_cat?post=1457"},{"taxonomy":"product_tag","embeddable":true,"href":"https:\/\/kakosmrsaviti.info\/shop\/wp-json\/wp\/v2\/product_tag?post=1457"}],"curies":[{"name":"wp","href":"https:\/\/api.w.org\/{rel}","templated":true}]}}