{"id":1448,"date":"2020-06-07T20:52:15","date_gmt":"2020-06-07T20:52:15","guid":{"rendered":"https:\/\/kakosmrsaviti.info\/shop\/?post_type=product&#038;p=1448"},"modified":"2026-04-07T12:16:51","modified_gmt":"2026-04-07T10:16:51","slug":"formula-1-shake-okus-vanilija-veliko-pakiranje-bez-glutena","status":"publish","type":"product","link":"https:\/\/kakosmrsaviti.info\/shop\/product\/formula-1-shake-okus-vanilija-veliko-pakiranje-bez-glutena\/","title":{"rendered":"Formula 1 Shake okus Vanilija (VELIKO PAKIRANJE) \u2013 bez glutena"},"content":{"rendered":"","protected":false},"excerpt":{"rendered":"<p><strong>Zamjena obroka za kontrolu tjelesne te\u017eine<\/strong><\/p>\n<p>Formula 1 Shake okus Vanilija je ukusna i zdrava zamjena obroka koja se mo\u017ee pripremiti u trenu i pru\u017ea izvrsnu ravnote\u017eu visokokvalitetnih proteina, esencijalnih mikronutrijenata i ljekovitog bilja.<\/p>\n<ul>\n<li>Herbalife Formula 1 shakeovi sadr\u017ee sojin protein, ugljikohidrate i klju\u010dne vitamine u optimalnim omjerima kako bi hranili va\u0161e tijelo kao dio va\u0161eg programa kontrole tjelesne te\u017eine ili optimalnog programa prehrane.<\/li>\n<li>Manje od 220 kalorija kada se pripremaju s polumasnim mlijekom, kako bi vam pomogli u kontroli unosa kalorija.<\/li>\n<li>Bogat klju\u010dnim vitaminima i mineralima koji vam poma\u017eu da postignete preporu\u010dene dnevne unose (RDA).<\/li>\n<\/ul>\n<p>Formula 1 sadr\u017ei visokokvalitetni sojin protein, vlakna, vitamine i minerale, \u0161to je \u010dini prakti\u010dnim i ukusnim rje\u0161enjem za uravnote\u017eenu prehranu.<br \/>\nPijte Formulu 1 kao hranjiv doru\u010dak, ru\u010dak ili ve\u010deru kako biste podr\u017eali svoj aktivni na\u010din \u017eivota i ciljeve kontrole tjelesne te\u017eine*.<br \/>\nFormula 1 shakeovi sadr\u017ee 25 vitamina i minerala, uklju\u010duju\u0107i vitamin D koji doprinosi normalnoj funkciji imunolo\u0161kog sustava, i vitamin C koji doprinosi smanjenju umora i iscrpljenosti. Formula 1 sadr\u017ei sastojke pogodne za vegansku prehranu te ne sadr\u017ei gluten, umjetne boje i arome.<br \/>\nVi\u0161e ne morate birati izme\u0111u zdravih obroka i prakti\u010dnosti &#8211; Formula 1 shakeovi se brzo i jednostavno pripremaju!<\/p>\n<p><a href=\"https:\/\/kakosmrsaviti.info\/shop\/wp-content\/uploads\/2020\/06\/048K_l.png\"><img loading=\"lazy\" decoding=\"async\" class=\"alignnone wp-image-1449 size-large\" src=\"https:\/\/kakosmrsaviti.info\/shop\/wp-content\/uploads\/2020\/06\/048K_l-1024x494.png\" alt=\"\" width=\"1024\" height=\"494\" srcset=\"https:\/\/kakosmrsaviti.info\/shop\/wp-content\/uploads\/2020\/06\/048K_l-1024x494.png 1024w, https:\/\/kakosmrsaviti.info\/shop\/wp-content\/uploads\/2020\/06\/048K_l-600x289.png 600w, https:\/\/kakosmrsaviti.info\/shop\/wp-content\/uploads\/2020\/06\/048K_l-300x145.png 300w, https:\/\/kakosmrsaviti.info\/shop\/wp-content\/uploads\/2020\/06\/048K_l-768x371.png 768w, https:\/\/kakosmrsaviti.info\/shop\/wp-content\/uploads\/2020\/06\/048K_l-1536x741.png 1536w, https:\/\/kakosmrsaviti.info\/shop\/wp-content\/uploads\/2020\/06\/048K_l.png 1542w\" sizes=\"auto, (max-width: 1024px) 100vw, 1024px\" \/><\/a><\/p>\n<p>&nbsp;<\/p>\n","protected":false},"featured_media":1450,"comment_status":"closed","ping_status":"closed","template":"","meta":[],"product_brand":[],"product_cat":[55,22,18],"product_tag":[],"class_list":{"0":"post-1448","1":"product","2":"type-product","3":"status-publish","4":"has-post-thumbnail","6":"product_cat-najprodavanije","7":"product_cat-novi-proizvodi","8":"product_cat-osnovna-prehrana-formula-1","10":"first","11":"instock","12":"shipping-taxable","13":"purchasable","14":"product-type-simple"},"_links":{"self":[{"href":"https:\/\/kakosmrsaviti.info\/shop\/wp-json\/wp\/v2\/product\/1448","targetHints":{"allow":["GET"]}}],"collection":[{"href":"https:\/\/kakosmrsaviti.info\/shop\/wp-json\/wp\/v2\/product"}],"about":[{"href":"https:\/\/kakosmrsaviti.info\/shop\/wp-json\/wp\/v2\/types\/product"}],"replies":[{"embeddable":true,"href":"https:\/\/kakosmrsaviti.info\/shop\/wp-json\/wp\/v2\/comments?post=1448"}],"wp:featuredmedia":[{"embeddable":true,"href":"https:\/\/kakosmrsaviti.info\/shop\/wp-json\/wp\/v2\/media\/1450"}],"wp:attachment":[{"href":"https:\/\/kakosmrsaviti.info\/shop\/wp-json\/wp\/v2\/media?parent=1448"}],"wp:term":[{"taxonomy":"product_brand","embeddable":true,"href":"https:\/\/kakosmrsaviti.info\/shop\/wp-json\/wp\/v2\/product_brand?post=1448"},{"taxonomy":"product_cat","embeddable":true,"href":"https:\/\/kakosmrsaviti.info\/shop\/wp-json\/wp\/v2\/product_cat?post=1448"},{"taxonomy":"product_tag","embeddable":true,"href":"https:\/\/kakosmrsaviti.info\/shop\/wp-json\/wp\/v2\/product_tag?post=1448"}],"curies":[{"name":"wp","href":"https:\/\/api.w.org\/{rel}","templated":true}]}}