{"id":1440,"date":"2020-06-07T20:29:31","date_gmt":"2020-06-07T20:29:31","guid":{"rendered":"https:\/\/kakosmrsaviti.info\/shop\/?post_type=product&#038;p=1440"},"modified":"2026-04-07T12:34:38","modified_gmt":"2026-04-07T10:34:38","slug":"biljni-koncentrat-aloe-vera-okus-mango","status":"publish","type":"product","link":"https:\/\/kakosmrsaviti.info\/shop\/product\/biljni-koncentrat-aloe-vera-okus-mango\/","title":{"rendered":"Biljni koncentrat Aloe Vera okus Mango"},"content":{"rendered":"","protected":false},"excerpt":{"rendered":"<p><strong>Napitak od biljnog koncentrata aloje, okus manga<\/strong><\/p>\n<p>Biljni koncentrat aloa vera proizveden je od umiruju\u0107eg lista aloje vere sada je dostupan i s okusom manga. Radi se o osvje\u017eavaju\u0107em napitku bez dodatnog \u0161e\u0107era koji sadr\u017ei sok aloje vere, a va\u0161oj \u0107e vodi dati osvje\u017eavaju\u0107i tropski okus.<\/p>\n<ul>KLJU\u010cNE PREDNOSTI<\/p>\n<li>Sadr\u017ei 40% soka aloje vere dobivenog iz lista biljke<\/li>\n<li>Bez dodatka \u0161e\u0107era<\/li>\n<li>Dodavanjem Biljnog koncentrata aloje vodi dobiva se osvje\u017eavaju\u0107i napitak umiruju\u0107ih svojstava koji vas mo\u017ee potaknuti da pijete vi\u0161e vode i tako lak\u0161e ispunite potreban unos teku\u0107ine od 2-2,5 litre dnevno<\/li>\n<\/ul>\n<p>ZA\u0160TO VAM TREBA?<br \/>\nBez obzira poku\u0161avate li kontrolirati te\u017einu ili jednostavno \u017eivite u\u017eurbano i aktivno, ponekad mo\u017ee biti te\u0161ko osigurati da va\u0161 organizam uvijek dobiva potreban dnevni unos od 2-2,5 litara teku\u0107ine. Biljni koncentrat aloje s okusom manga predstavlja idealan na\u010din da pove\u0107ate svoj unos teku\u0107ine u\u017eivaju\u0107i u zdravom, osvje\u017eavaju\u0107em napitku odli\u010dnog okusa.<\/p>\n<p>KORI\u0160TENJE<br \/>\nPomije\u0161ajte 3-4 \u010depa (15-20ml) s \u00bd \u0161alice (120ml) vode.<\/p>\n<p>&nbsp;<\/p>\n<p><a href=\"https:\/\/kakosmrsaviti.info\/shop\/wp-content\/uploads\/2020\/06\/0165_l.png\"><img loading=\"lazy\" decoding=\"async\" class=\"alignnone wp-image-1442 size-full\" src=\"https:\/\/kakosmrsaviti.info\/shop\/wp-content\/uploads\/2020\/06\/0165_l.png\" alt=\"\" width=\"846\" height=\"706\" srcset=\"https:\/\/kakosmrsaviti.info\/shop\/wp-content\/uploads\/2020\/06\/0165_l.png 846w, https:\/\/kakosmrsaviti.info\/shop\/wp-content\/uploads\/2020\/06\/0165_l-600x501.png 600w, https:\/\/kakosmrsaviti.info\/shop\/wp-content\/uploads\/2020\/06\/0165_l-300x250.png 300w, https:\/\/kakosmrsaviti.info\/shop\/wp-content\/uploads\/2020\/06\/0165_l-768x641.png 768w\" sizes=\"auto, (max-width: 846px) 100vw, 846px\" \/><\/a><\/p>\n","protected":false},"featured_media":1441,"comment_status":"closed","ping_status":"closed","template":"","meta":[],"product_brand":[],"product_cat":[18],"product_tag":[],"class_list":{"0":"post-1440","1":"product","2":"type-product","3":"status-publish","4":"has-post-thumbnail","6":"product_cat-osnovna-prehrana-formula-1","8":"first","9":"instock","10":"shipping-taxable","11":"purchasable","12":"product-type-simple"},"_links":{"self":[{"href":"https:\/\/kakosmrsaviti.info\/shop\/wp-json\/wp\/v2\/product\/1440","targetHints":{"allow":["GET"]}}],"collection":[{"href":"https:\/\/kakosmrsaviti.info\/shop\/wp-json\/wp\/v2\/product"}],"about":[{"href":"https:\/\/kakosmrsaviti.info\/shop\/wp-json\/wp\/v2\/types\/product"}],"replies":[{"embeddable":true,"href":"https:\/\/kakosmrsaviti.info\/shop\/wp-json\/wp\/v2\/comments?post=1440"}],"wp:featuredmedia":[{"embeddable":true,"href":"https:\/\/kakosmrsaviti.info\/shop\/wp-json\/wp\/v2\/media\/1441"}],"wp:attachment":[{"href":"https:\/\/kakosmrsaviti.info\/shop\/wp-json\/wp\/v2\/media?parent=1440"}],"wp:term":[{"taxonomy":"product_brand","embeddable":true,"href":"https:\/\/kakosmrsaviti.info\/shop\/wp-json\/wp\/v2\/product_brand?post=1440"},{"taxonomy":"product_cat","embeddable":true,"href":"https:\/\/kakosmrsaviti.info\/shop\/wp-json\/wp\/v2\/product_cat?post=1440"},{"taxonomy":"product_tag","embeddable":true,"href":"https:\/\/kakosmrsaviti.info\/shop\/wp-json\/wp\/v2\/product_tag?post=1440"}],"curies":[{"name":"wp","href":"https:\/\/api.w.org\/{rel}","templated":true}]}}