{"id":1419,"date":"2020-06-07T19:40:11","date_gmt":"2020-06-07T19:40:11","guid":{"rendered":"https:\/\/kakosmrsaviti.info\/shop\/?post_type=product&#038;p=1419"},"modified":"2026-04-07T12:35:25","modified_gmt":"2026-04-07T10:35:25","slug":"formula-1-shake-okus-mint-chocolate","status":"publish","type":"product","link":"https:\/\/kakosmrsaviti.info\/shop\/product\/formula-1-shake-okus-mint-chocolate\/","title":{"rendered":"Formula 1 Shake okus Mint &#038; Chocolate (NOVI OKUS) \u2013 bez glutena"},"content":{"rendered":"","protected":false},"excerpt":{"rendered":"<p>Herbalife Shake za Va\u0161 zdravi doru\u010dak!<\/p>\n<p>Formula 1 shake okus Mint &amp; Chocolate bez glutena je ukusan i zdrav obrok koji nudi izvrsnu ravnote\u017eu visokokvalitetnih proteina mlijeka i soje, esencijalnih mikronutrijenata i dodanog bilja.<\/p>\n<p>Svojom savr\u0161enom mje\u0161avinom visokokvalitetnih proteina, vlakana, vitamina i minerala, Formula 1 shake je prakti\u010dno i ukusno rje\u0161enje za uravnote\u017eenu prehranu. Popijte Formulu 1 kao hranjiv doru\u010dak, ru\u010dak ili ve\u010deru, kao potporu aktivnom na\u010dinu \u017eivota i ostvarenju ciljeva kontrole te\u017eine*. Formula 1 shake sadr\u017ei 25 vitamina i minerala, uklju\u010duju\u0107i i vitamin D, koji doprinosi normalnoj funkciji imunolo\u0161kog sustava, kao i vitamin C, koji doprinosi smanjenju umora i iscrpljenosti. Formula 1 sadr\u017ei sastojke prikladne za vegansku prehranu, te je bez glutena i umjetnih aroma. Vi\u0161e ne morate birati izme\u0111u zdravih obroka i prakti\u010dnosti \u2013 Formula 1 shake se priprema brzo i jednostavno!<\/p>\n<h2 style=\"text-align: center;\"><strong>091 9483 995<\/strong><\/h2>\n<h2 style=\"text-align: center;\"><strong>\u00a0 Mo\u017eete naru\u010diti svakim danom SMS-om ili pozivom izme\u0111u 07 \u2013 22 sata\u00a0<\/strong><\/h2>\n<p><a href=\"https:\/\/kakosmrsaviti.info\/shop\/wp-content\/uploads\/2020\/06\/4471_l.png\"><img loading=\"lazy\" decoding=\"async\" class=\"alignnone wp-image-1421 size-large\" src=\"https:\/\/kakosmrsaviti.info\/shop\/wp-content\/uploads\/2020\/06\/4471_l-1024x543.png\" alt=\"\" width=\"1024\" height=\"543\" srcset=\"https:\/\/kakosmrsaviti.info\/shop\/wp-content\/uploads\/2020\/06\/4471_l-1024x543.png 1024w, https:\/\/kakosmrsaviti.info\/shop\/wp-content\/uploads\/2020\/06\/4471_l-600x318.png 600w, https:\/\/kakosmrsaviti.info\/shop\/wp-content\/uploads\/2020\/06\/4471_l-300x159.png 300w, https:\/\/kakosmrsaviti.info\/shop\/wp-content\/uploads\/2020\/06\/4471_l-768x407.png 768w, https:\/\/kakosmrsaviti.info\/shop\/wp-content\/uploads\/2020\/06\/4471_l.png 1433w\" sizes=\"auto, (max-width: 1024px) 100vw, 1024px\" \/><\/a><\/p>\n","protected":false},"featured_media":1420,"comment_status":"closed","ping_status":"closed","template":"","meta":[],"product_brand":[],"product_cat":[18],"product_tag":[],"class_list":{"0":"post-1419","1":"product","2":"type-product","3":"status-publish","4":"has-post-thumbnail","6":"product_cat-osnovna-prehrana-formula-1","8":"first","9":"instock","10":"shipping-taxable","11":"purchasable","12":"product-type-simple"},"_links":{"self":[{"href":"https:\/\/kakosmrsaviti.info\/shop\/wp-json\/wp\/v2\/product\/1419","targetHints":{"allow":["GET"]}}],"collection":[{"href":"https:\/\/kakosmrsaviti.info\/shop\/wp-json\/wp\/v2\/product"}],"about":[{"href":"https:\/\/kakosmrsaviti.info\/shop\/wp-json\/wp\/v2\/types\/product"}],"replies":[{"embeddable":true,"href":"https:\/\/kakosmrsaviti.info\/shop\/wp-json\/wp\/v2\/comments?post=1419"}],"wp:featuredmedia":[{"embeddable":true,"href":"https:\/\/kakosmrsaviti.info\/shop\/wp-json\/wp\/v2\/media\/1420"}],"wp:attachment":[{"href":"https:\/\/kakosmrsaviti.info\/shop\/wp-json\/wp\/v2\/media?parent=1419"}],"wp:term":[{"taxonomy":"product_brand","embeddable":true,"href":"https:\/\/kakosmrsaviti.info\/shop\/wp-json\/wp\/v2\/product_brand?post=1419"},{"taxonomy":"product_cat","embeddable":true,"href":"https:\/\/kakosmrsaviti.info\/shop\/wp-json\/wp\/v2\/product_cat?post=1419"},{"taxonomy":"product_tag","embeddable":true,"href":"https:\/\/kakosmrsaviti.info\/shop\/wp-json\/wp\/v2\/product_tag?post=1419"}],"curies":[{"name":"wp","href":"https:\/\/api.w.org\/{rel}","templated":true}]}}