{"id":1372,"date":"2020-06-05T16:16:53","date_gmt":"2020-06-05T16:16:53","guid":{"rendered":"https:\/\/kakosmrsaviti.info\/shop\/?post_type=product&#038;p=1372"},"modified":"2026-04-07T13:39:11","modified_gmt":"2026-04-07T11:39:11","slug":"thermojetics-instant-biljni-napitak-okus-breskva-50g","status":"publish","type":"product","link":"https:\/\/kakosmrsaviti.info\/shop\/product\/thermojetics-instant-biljni-napitak-okus-breskva-50g\/","title":{"rendered":"Thermojetics Instant Biljni Napitak (\u010daj) okus Breskva\u2013 50g"},"content":{"rendered":"","protected":false},"excerpt":{"rendered":"<div class=\"css-panes-subtext\">\n<p>Thermojetics Instant Biljni Napitak (\u010daj) je niskokalori\u010dni osvje\u017eavaju\u0107i napitak za mr\u0161avljenje i energiju sa zelenim i crnim \u010dajem. Kada vodite posao ili aktivan na\u010din \u017eivota, da li \u010desto osjec\u0301ate da ste manje oprezni i koncentrirani? Sa 6 kcal po obroku, instant biljni napitak je osvje\u017eavajuc\u0301e pic\u0301e (vruc\u0301e ili hladno), odli\u010dan na\u010din da vam pomogne da dostignete potreban unos teku\u0107ine svaki dan.<\/p>\n<\/div>\n<div class=\"gdo-spacer2\"><\/div>\n<div>\n<div class=\"gdo-spacer1\"><\/div>\n<div class=\"css-panes-subheader\"><span id=\"ctl00_ctl00_ContentArea_ProductsContent_ctl00_ProdImage_ctl01_lbDetails\">Detalji:<\/span><\/div>\n<div class=\"gdo-spacer2\"><\/div>\n<div class=\"css-panes-subtext\">\n<div id=\"res-translit\" dir=\"ltr\">Osvje\u017eavajuc\u0301e niskokalori\u010dno pic\u0301e\u00a0obogac\u0301eno zelenim i crnim \u010dajem.<\/div>\n<\/div>\n<div class=\"gdo-spacer1\"><\/div>\n<div class=\"css-panes-subheader\"><span id=\"ctl00_ctl00_ContentArea_ProductsContent_ctl00_ProdImage_ctl01_lbKeyBenefits\">Klju\u010dne prednosti:<\/span><\/div>\n<div class=\"gdo-spacer2\"><\/div>\n<div class=\"css-panes-subtext\">\n<ul>\n<li>Malo kalorija\u00a0\u2013 oko 6 kcal po porciji<\/li>\n<li>Jedna \u0161alica Instant biljnog napitka sadr\u017ei 85 mg kofeina<\/li>\n<li>Iz zelenog \u010daja je izvu\u010dena voda kako bi imali sve sastojke koji se nalaze u zelenom \u010daju.<\/li>\n<li>Mo\u017ee se na\u0107i u originalnom okusu, okusu limuna i breskve.<\/li>\n<li>Mo\u017ee\u00a0 se piti topao ili hladan, kako vam odgovara.<\/li>\n<\/ul>\n<div class=\"css-panes-subheader\"><span id=\"ctl00_ctl00_ContentArea_ProductsContent_ctl00_ProdImage_ctl01_lbUsage\">Kori\u0161tenje:<\/span><\/div>\n<div class=\"gdo-spacer2\"><\/div>\n<div class=\"css-panes-subtext\">\n<p>Pomje\u0161ajte \u00bd\u00a0\u017eli\u010dice (oko 1,7g) sa 250ml tople ili hladne vode. Instant biljni napitak je osvje\u017eavaju\u0107i napitak koji se pije posebno ili uz obrok i sadr\u017ei samo 6,2 kcal po porciji.<\/p>\n<\/div>\n<\/div>\n<\/div>\n<p><a href=\"https:\/\/kakosmrsaviti.info\/shop\/wp-content\/uploads\/2020\/06\/0257_l.png\"><img loading=\"lazy\" decoding=\"async\" class=\"alignnone wp-image-1373 size-large\" src=\"https:\/\/kakosmrsaviti.info\/shop\/wp-content\/uploads\/2020\/06\/0257_l-1024x378.png\" alt=\"\" width=\"1024\" height=\"378\" srcset=\"https:\/\/kakosmrsaviti.info\/shop\/wp-content\/uploads\/2020\/06\/0257_l-1024x378.png 1024w, https:\/\/kakosmrsaviti.info\/shop\/wp-content\/uploads\/2020\/06\/0257_l-600x222.png 600w, https:\/\/kakosmrsaviti.info\/shop\/wp-content\/uploads\/2020\/06\/0257_l-300x111.png 300w, https:\/\/kakosmrsaviti.info\/shop\/wp-content\/uploads\/2020\/06\/0257_l-768x284.png 768w, https:\/\/kakosmrsaviti.info\/shop\/wp-content\/uploads\/2020\/06\/0257_l.png 1254w\" sizes=\"auto, (max-width: 1024px) 100vw, 1024px\" \/><\/a><\/p>\n","protected":false},"featured_media":1374,"comment_status":"closed","ping_status":"closed","template":"","meta":[],"product_brand":[],"product_cat":[18],"product_tag":[],"class_list":{"0":"post-1372","1":"product","2":"type-product","3":"status-publish","4":"has-post-thumbnail","6":"product_cat-osnovna-prehrana-formula-1","8":"first","9":"instock","10":"shipping-taxable","11":"purchasable","12":"product-type-simple"},"_links":{"self":[{"href":"https:\/\/kakosmrsaviti.info\/shop\/wp-json\/wp\/v2\/product\/1372","targetHints":{"allow":["GET"]}}],"collection":[{"href":"https:\/\/kakosmrsaviti.info\/shop\/wp-json\/wp\/v2\/product"}],"about":[{"href":"https:\/\/kakosmrsaviti.info\/shop\/wp-json\/wp\/v2\/types\/product"}],"replies":[{"embeddable":true,"href":"https:\/\/kakosmrsaviti.info\/shop\/wp-json\/wp\/v2\/comments?post=1372"}],"wp:featuredmedia":[{"embeddable":true,"href":"https:\/\/kakosmrsaviti.info\/shop\/wp-json\/wp\/v2\/media\/1374"}],"wp:attachment":[{"href":"https:\/\/kakosmrsaviti.info\/shop\/wp-json\/wp\/v2\/media?parent=1372"}],"wp:term":[{"taxonomy":"product_brand","embeddable":true,"href":"https:\/\/kakosmrsaviti.info\/shop\/wp-json\/wp\/v2\/product_brand?post=1372"},{"taxonomy":"product_cat","embeddable":true,"href":"https:\/\/kakosmrsaviti.info\/shop\/wp-json\/wp\/v2\/product_cat?post=1372"},{"taxonomy":"product_tag","embeddable":true,"href":"https:\/\/kakosmrsaviti.info\/shop\/wp-json\/wp\/v2\/product_tag?post=1372"}],"curies":[{"name":"wp","href":"https:\/\/api.w.org\/{rel}","templated":true}]}}