{"id":1361,"date":"2020-06-05T15:49:11","date_gmt":"2020-06-05T15:49:11","guid":{"rendered":"https:\/\/kakosmrsaviti.info\/shop\/?post_type=product&#038;p=1361"},"modified":"2026-04-07T13:37:20","modified_gmt":"2026-04-07T11:37:20","slug":"formula-1-shake-okus-vanilija-novi-okus-bez-glutena","status":"publish","type":"product","link":"https:\/\/kakosmrsaviti.info\/shop\/product\/formula-1-shake-okus-vanilija-novi-okus-bez-glutena\/","title":{"rendered":"Formula 1 Shake okus Vanilija (NOVI OKUS) \u2013 bez glutena"},"content":{"rendered":"","protected":false},"excerpt":{"rendered":"<p>Formula 1 sadr\u017ei visokokvalitetne proteine soje, vlakna, vitamine i minerale, \u0161to je \u010dini prakti\u010dnim i ukusnim rje\u0161enjem za uravnote\u017eenu prehranu.<br \/>\nPopijte Formulu 1 kao hranjiv doru\u010dak, ru\u010dak ili ve\u010deru, kao potporu aktivnom na\u010dinu \u017eivota i ostvarenju ciljeva kontrole te\u017eine*.<br \/>\nFormula 1 shake sadr\u017ei 25 vitamina i minerala, uklju\u010duju\u0107i i vitamin D, koji doprinosi normalnoj funkciji imunolo\u0161kog sustava, kao i vitamin C, koji doprinosi smanjenju umora<br \/>\ni iscrpljenosti.<br \/>\nFormula 1 sadr\u017ei sastojke prikladne za vegansku prehranu, te je bez glutena i umjetnih bojila i aroma.<br \/>\nVi\u0161e ne morate birati izme\u0111u zdravih obroka i prakti\u010dnosti \u2013 Formula 1 shake se priprema brzo i jednostavno!<\/p>\n<p><a href=\"https:\/\/kakosmrsaviti.info\/shop\/wp-content\/uploads\/2020\/06\/4466_l.png\"><img loading=\"lazy\" decoding=\"async\" class=\"alignnone wp-image-1363 size-large\" src=\"https:\/\/kakosmrsaviti.info\/shop\/wp-content\/uploads\/2020\/06\/4466_l-1024x542.png\" alt=\"\" width=\"1024\" height=\"542\" srcset=\"https:\/\/kakosmrsaviti.info\/shop\/wp-content\/uploads\/2020\/06\/4466_l-1024x542.png 1024w, https:\/\/kakosmrsaviti.info\/shop\/wp-content\/uploads\/2020\/06\/4466_l-600x318.png 600w, https:\/\/kakosmrsaviti.info\/shop\/wp-content\/uploads\/2020\/06\/4466_l-300x159.png 300w, https:\/\/kakosmrsaviti.info\/shop\/wp-content\/uploads\/2020\/06\/4466_l-768x407.png 768w, https:\/\/kakosmrsaviti.info\/shop\/wp-content\/uploads\/2020\/06\/4466_l.png 1435w\" sizes=\"auto, (max-width: 1024px) 100vw, 1024px\" \/><\/a><\/p>\n","protected":false},"featured_media":1367,"comment_status":"closed","ping_status":"closed","template":"","meta":[],"product_brand":[],"product_cat":[18],"product_tag":[],"class_list":{"0":"post-1361","1":"product","2":"type-product","3":"status-publish","4":"has-post-thumbnail","6":"product_cat-osnovna-prehrana-formula-1","8":"first","9":"instock","10":"shipping-taxable","11":"purchasable","12":"product-type-simple"},"_links":{"self":[{"href":"https:\/\/kakosmrsaviti.info\/shop\/wp-json\/wp\/v2\/product\/1361","targetHints":{"allow":["GET"]}}],"collection":[{"href":"https:\/\/kakosmrsaviti.info\/shop\/wp-json\/wp\/v2\/product"}],"about":[{"href":"https:\/\/kakosmrsaviti.info\/shop\/wp-json\/wp\/v2\/types\/product"}],"replies":[{"embeddable":true,"href":"https:\/\/kakosmrsaviti.info\/shop\/wp-json\/wp\/v2\/comments?post=1361"}],"wp:featuredmedia":[{"embeddable":true,"href":"https:\/\/kakosmrsaviti.info\/shop\/wp-json\/wp\/v2\/media\/1367"}],"wp:attachment":[{"href":"https:\/\/kakosmrsaviti.info\/shop\/wp-json\/wp\/v2\/media?parent=1361"}],"wp:term":[{"taxonomy":"product_brand","embeddable":true,"href":"https:\/\/kakosmrsaviti.info\/shop\/wp-json\/wp\/v2\/product_brand?post=1361"},{"taxonomy":"product_cat","embeddable":true,"href":"https:\/\/kakosmrsaviti.info\/shop\/wp-json\/wp\/v2\/product_cat?post=1361"},{"taxonomy":"product_tag","embeddable":true,"href":"https:\/\/kakosmrsaviti.info\/shop\/wp-json\/wp\/v2\/product_tag?post=1361"}],"curies":[{"name":"wp","href":"https:\/\/api.w.org\/{rel}","templated":true}]}}