{"id":1358,"date":"2020-06-05T15:40:51","date_gmt":"2020-06-05T15:40:51","guid":{"rendered":"https:\/\/kakosmrsaviti.info\/shop\/?post_type=product&#038;p=1358"},"modified":"2026-04-07T13:36:27","modified_gmt":"2026-04-07T11:36:27","slug":"formula-1-shake-okus-cokolada","status":"publish","type":"product","link":"https:\/\/kakosmrsaviti.info\/shop\/product\/formula-1-shake-okus-cokolada\/","title":{"rendered":"Formula 1 Shake okus \u010cokolada (NOVI OKUS) &#8211; bez glutena"},"content":{"rendered":"","protected":false},"excerpt":{"rendered":"<p>Formula 1 shake okus \u010dokolada sadr\u017ei visokokvalitetne proteine soje, vlakna, vitamine i minerale, \u0161to je \u010dini prakti\u010dnim i ukusnim rje\u0161enjem za uravnote\u017eenu prehranu.<br \/>\nPopijte shake kao hranjiv doru\u010dak, ru\u010dak ili ve\u010deru, kao potporu aktivnom na\u010dinu \u017eivota i ostvarenju ciljeva kontrole te\u017eine*.<br \/>\nFormula 1 shake sadr\u017ei 25 vitamina i minerala, uklju\u010duju\u0107i i vitamin D, koji doprinosi normalnoj funkciji imunolo\u0161kog sustava, kao i vitamin C, koji doprinosi smanjenju umora<br \/>\ni iscrpljenosti.<br \/>\nFormula 1 sadr\u017ei sastojke prikladne za vegansku prehranu, te je bez glutena i umjetnih bojila i aroma.<br \/>\nVi\u0161e ne morate birati izme\u0111u zdravih obroka i prakti\u010dnosti \u2013 Formula 1 shake se priprema brzo i jednostavno!<\/p>\n<h2 style=\"text-align: center;\"><strong>091 9483 995<\/strong><\/h2>\n<h2 style=\"text-align: center;\"><strong>\u00a0 Mo\u017eete naru\u010diti svakim danom SMS-om ili pozivom izme\u0111u 07 \u2013 22 sata\u00a0<\/strong><\/h2>\n<p><a href=\"https:\/\/kakosmrsaviti.info\/shop\/wp-content\/uploads\/2020\/06\/4468_l.png\"><img loading=\"lazy\" decoding=\"async\" class=\"alignnone wp-image-1359 size-large\" src=\"https:\/\/kakosmrsaviti.info\/shop\/wp-content\/uploads\/2020\/06\/4468_l-1024x540.png\" alt=\"\" width=\"1024\" height=\"540\" srcset=\"https:\/\/kakosmrsaviti.info\/shop\/wp-content\/uploads\/2020\/06\/4468_l-1024x540.png 1024w, https:\/\/kakosmrsaviti.info\/shop\/wp-content\/uploads\/2020\/06\/4468_l-600x317.png 600w, https:\/\/kakosmrsaviti.info\/shop\/wp-content\/uploads\/2020\/06\/4468_l-300x158.png 300w, https:\/\/kakosmrsaviti.info\/shop\/wp-content\/uploads\/2020\/06\/4468_l-768x405.png 768w, https:\/\/kakosmrsaviti.info\/shop\/wp-content\/uploads\/2020\/06\/4468_l.png 1435w\" sizes=\"auto, (max-width: 1024px) 100vw, 1024px\" \/><\/a><\/p>\n","protected":false},"featured_media":1360,"comment_status":"open","ping_status":"closed","template":"","meta":[],"product_brand":[],"product_cat":[18,55],"product_tag":[60,66,65,58,59],"class_list":{"0":"post-1358","1":"product","2":"type-product","3":"status-publish","4":"has-post-thumbnail","6":"product_cat-osnovna-prehrana-formula-1","7":"product_cat-najprodavanije","8":"product_tag-formula-1-shake","9":"product_tag-formula-1-shake-cokolada","10":"product_tag-formula-1-shake-okus-cokolada","11":"product_tag-herbalife","12":"product_tag-herbalife-nutrition","14":"first","15":"instock","16":"shipping-taxable","17":"purchasable","18":"product-type-simple"},"_links":{"self":[{"href":"https:\/\/kakosmrsaviti.info\/shop\/wp-json\/wp\/v2\/product\/1358","targetHints":{"allow":["GET"]}}],"collection":[{"href":"https:\/\/kakosmrsaviti.info\/shop\/wp-json\/wp\/v2\/product"}],"about":[{"href":"https:\/\/kakosmrsaviti.info\/shop\/wp-json\/wp\/v2\/types\/product"}],"replies":[{"embeddable":true,"href":"https:\/\/kakosmrsaviti.info\/shop\/wp-json\/wp\/v2\/comments?post=1358"}],"wp:featuredmedia":[{"embeddable":true,"href":"https:\/\/kakosmrsaviti.info\/shop\/wp-json\/wp\/v2\/media\/1360"}],"wp:attachment":[{"href":"https:\/\/kakosmrsaviti.info\/shop\/wp-json\/wp\/v2\/media?parent=1358"}],"wp:term":[{"taxonomy":"product_brand","embeddable":true,"href":"https:\/\/kakosmrsaviti.info\/shop\/wp-json\/wp\/v2\/product_brand?post=1358"},{"taxonomy":"product_cat","embeddable":true,"href":"https:\/\/kakosmrsaviti.info\/shop\/wp-json\/wp\/v2\/product_cat?post=1358"},{"taxonomy":"product_tag","embeddable":true,"href":"https:\/\/kakosmrsaviti.info\/shop\/wp-json\/wp\/v2\/product_tag?post=1358"}],"curies":[{"name":"wp","href":"https:\/\/api.w.org\/{rel}","templated":true}]}}