{"id":1354,"date":"2020-06-05T15:20:14","date_gmt":"2020-06-05T15:20:14","guid":{"rendered":"https:\/\/kakosmrsaviti.info\/shop\/?post_type=product&#038;p=1354"},"modified":"2026-04-07T13:36:31","modified_gmt":"2026-04-07T11:36:31","slug":"formula-1-shake-okus-banana-cream","status":"publish","type":"product","link":"https:\/\/kakosmrsaviti.info\/shop\/product\/formula-1-shake-okus-banana-cream\/","title":{"rendered":"Formula 1 Shake okus Banana Cream \u2013 bez glutena"},"content":{"rendered":"","protected":false},"excerpt":{"rendered":"<h2><strong>Konzumirajte Formula 1 shake okus Banana Cream shake<\/strong> svakodnevno kao hranjivi obrok. Prije svake upotrebe nje\u017eno protresite kutiju jer je mogu\u0107e da se sadr\u017eaj slegnuo.<\/h2>\n<p><strong>KLJU\u010cNE PREDNOSTI:<\/strong><br \/>\n\u2022 222 kcal po porciji<br \/>\n\u2022 18 g proteina po porciji, doprinosi pove\u0107anju mi\u0161i\u0107ne mase<br \/>\n\u2022 4 g vlakana po porciji<br \/>\n\u2022 Svaka porcija sadr\u017ei najmanje 38 % preporu\u010denih dnevnih unosa<br \/>\n25 vitamina i minerala, uklju\u010duju\u0107i i krom, koji poma\u017ee u odr\u017eavanju<br \/>\nnormalne razine glukoze u krvi<br \/>\n\u2022 Sastojci prikladni za vegansku prehranu, bez glutena, bez umjetnih bojila<br \/>\ni s prirodnim aromama.<\/p>\n<p><strong>UPUTA ZA UPOTREBU<\/strong><\/p>\n<p>Pomije\u0161ajte dvije \u017elice (26 g) praha s 250 ml hladnog, djelomi\u010dno obranog mlijeka (1,5 % mlije\u010dne masti).<br \/>\nOvaj proizvod se upotrebljava kao dio prehrane s ograni\u010denim energetskim unosom kao i s ostalom hranom, uz redovitu fizi\u010dku aktivnost.<\/p>\n<h2 style=\"text-align: center;\"><strong>091 9483 995<\/strong><\/h2>\n<h2 style=\"text-align: center;\"><strong>\u00a0 Mo\u017eete naru\u010diti svakim danom SMS-om ili pozivom izme\u0111u 07 \u2013 22 sata\u00a0<\/strong><\/h2>\n<p>&nbsp;<\/p>\n<p><a href=\"https:\/\/kakosmrsaviti.info\/shop\/wp-content\/uploads\/2020\/06\/4462_l.png\"><img loading=\"lazy\" decoding=\"async\" class=\"alignnone wp-image-1365 size-large\" src=\"https:\/\/kakosmrsaviti.info\/shop\/wp-content\/uploads\/2020\/06\/4462_l-1024x542.png\" alt=\"\" width=\"1024\" height=\"542\" srcset=\"https:\/\/kakosmrsaviti.info\/shop\/wp-content\/uploads\/2020\/06\/4462_l-1024x542.png 1024w, https:\/\/kakosmrsaviti.info\/shop\/wp-content\/uploads\/2020\/06\/4462_l-600x317.png 600w, https:\/\/kakosmrsaviti.info\/shop\/wp-content\/uploads\/2020\/06\/4462_l-300x159.png 300w, https:\/\/kakosmrsaviti.info\/shop\/wp-content\/uploads\/2020\/06\/4462_l-768x406.png 768w, https:\/\/kakosmrsaviti.info\/shop\/wp-content\/uploads\/2020\/06\/4462_l.png 1433w\" sizes=\"auto, (max-width: 1024px) 100vw, 1024px\" \/><\/a><\/p>\n","protected":false},"featured_media":1364,"comment_status":"closed","ping_status":"closed","template":"","meta":[],"product_brand":[],"product_cat":[18],"product_tag":[60,58,59],"class_list":{"0":"post-1354","1":"product","2":"type-product","3":"status-publish","4":"has-post-thumbnail","6":"product_cat-osnovna-prehrana-formula-1","7":"product_tag-formula-1-shake","8":"product_tag-herbalife","9":"product_tag-herbalife-nutrition","11":"first","12":"instock","13":"shipping-taxable","14":"purchasable","15":"product-type-simple"},"_links":{"self":[{"href":"https:\/\/kakosmrsaviti.info\/shop\/wp-json\/wp\/v2\/product\/1354","targetHints":{"allow":["GET"]}}],"collection":[{"href":"https:\/\/kakosmrsaviti.info\/shop\/wp-json\/wp\/v2\/product"}],"about":[{"href":"https:\/\/kakosmrsaviti.info\/shop\/wp-json\/wp\/v2\/types\/product"}],"replies":[{"embeddable":true,"href":"https:\/\/kakosmrsaviti.info\/shop\/wp-json\/wp\/v2\/comments?post=1354"}],"wp:featuredmedia":[{"embeddable":true,"href":"https:\/\/kakosmrsaviti.info\/shop\/wp-json\/wp\/v2\/media\/1364"}],"wp:attachment":[{"href":"https:\/\/kakosmrsaviti.info\/shop\/wp-json\/wp\/v2\/media?parent=1354"}],"wp:term":[{"taxonomy":"product_brand","embeddable":true,"href":"https:\/\/kakosmrsaviti.info\/shop\/wp-json\/wp\/v2\/product_brand?post=1354"},{"taxonomy":"product_cat","embeddable":true,"href":"https:\/\/kakosmrsaviti.info\/shop\/wp-json\/wp\/v2\/product_cat?post=1354"},{"taxonomy":"product_tag","embeddable":true,"href":"https:\/\/kakosmrsaviti.info\/shop\/wp-json\/wp\/v2\/product_tag?post=1354"}],"curies":[{"name":"wp","href":"https:\/\/api.w.org\/{rel}","templated":true}]}}