{"id":1399,"date":"2020-06-05T17:37:19","date_gmt":"2020-06-05T17:37:19","guid":{"rendered":"https:\/\/kakosmrsaviti.info\/shop\/?page_id=1399"},"modified":"2025-05-11T03:46:15","modified_gmt":"2025-05-11T01:46:15","slug":"dostava-proizvoda","status":"publish","type":"page","link":"https:\/\/kakosmrsaviti.info\/shop\/dostava-proizvoda\/","title":{"rendered":"Dostava proizvoda"},"content":{"rendered":"\n<p><strong>Brza i pouzdana dostava<\/strong><\/p>\n\n\n\n<p>Obavljamo dostavu proizvoda i usluga na podru\u010dju Republike Hrvatske. Va\u0161a po\u0161iljka je osigurana od gubitka u dostavi. Vi\u0161e o na\u0161oj usluzi dostave mo\u017eete dobiti na broju telefona 091 9483 995 ili na mail <a href=\"mailto:portalkakosmrsaviti@gmail.com\">portalkakosmrsaviti@gmail.com<\/a> <\/p>\n\n\n\n<p><strong>Uvjeti dostave<\/strong><\/p>\n\n\n\n<p>Dostava se vr\u0161i do ulaza u stambeni objekt \u017eeljene adrese. Ukoliko se radi o stambenoj zgradi, dostavlja\u010d nije du\u017ean nositi robu do kata na kojem se nalazi kupac ve\u0107 do ulaza u zgradu. Dostava se vr\u0161i putem Hrvatske po\u0161te.<br>Dostava je BESPLATNA za sve po\u0161ilje<\/p>\n\n\n\n<p>Dostavna slu\u017eba dostavlja u roku 1-3 dana od preuzimanja po\u0161iljke u skladi\u0161tu.<\/p>\n\n\n\n<p>NAPOMENA: Iznimka su otoci i mjesta koja ne podr\u017eavaju svakodnevnu dostavu, a gdje je dostava mogu\u0107a prema&nbsp;rasporedu dostave. Po\u0161iljke za otoke koji nisu na&nbsp;rasporedu, bit \u0107e dostavljene u roku od 3 \u2013 5 radna dana.<br>Proizvodi \u0107e biti zapakirani tako da se uobi\u010dajenom manipulacijom u transportu ne mogu o\u0161tetiti. Kupac je du\u017ean prilikom preuzimanja proizvoda provjeriti eventualna o\u0161te\u0107enja i odmah ih reklamirati dostavnom radniku koji je robu dostavio, odnosno odbiti preuzeti po\u0161iljku na kojoj su vidljiva vanjska o\u0161te\u0107enja. Kupac je obavezan prilikom preuzimanja robe potpisati otpremnicu ili dostavnicu te je dostavna slu\u017eba uzima kao potvrdu o preuzimanju.<\/p>\n","protected":false},"excerpt":{"rendered":"<p>Brza i pouzdana dostava Obavljamo dostavu proizvoda i usluga na podru\u010dju Republike Hrvatske. Va\u0161a po\u0161iljka je osigurana od gubitka u<\/p>\n","protected":false},"author":39,"featured_media":0,"parent":0,"menu_order":0,"comment_status":"closed","ping_status":"closed","template":"","meta":{"footnotes":""},"class_list":["post-1399","page","type-page","status-publish","hentry"],"_links":{"self":[{"href":"https:\/\/kakosmrsaviti.info\/shop\/wp-json\/wp\/v2\/pages\/1399","targetHints":{"allow":["GET"]}}],"collection":[{"href":"https:\/\/kakosmrsaviti.info\/shop\/wp-json\/wp\/v2\/pages"}],"about":[{"href":"https:\/\/kakosmrsaviti.info\/shop\/wp-json\/wp\/v2\/types\/page"}],"author":[{"embeddable":true,"href":"https:\/\/kakosmrsaviti.info\/shop\/wp-json\/wp\/v2\/users\/39"}],"replies":[{"embeddable":true,"href":"https:\/\/kakosmrsaviti.info\/shop\/wp-json\/wp\/v2\/comments?post=1399"}],"version-history":[{"count":5,"href":"https:\/\/kakosmrsaviti.info\/shop\/wp-json\/wp\/v2\/pages\/1399\/revisions"}],"predecessor-version":[{"id":1672,"href":"https:\/\/kakosmrsaviti.info\/shop\/wp-json\/wp\/v2\/pages\/1399\/revisions\/1672"}],"wp:attachment":[{"href":"https:\/\/kakosmrsaviti.info\/shop\/wp-json\/wp\/v2\/media?parent=1399"}],"curies":[{"name":"wp","href":"https:\/\/api.w.org\/{rel}","templated":true}]}}