{"id":1394,"date":"2020-06-05T17:34:04","date_gmt":"2020-06-05T17:34:04","guid":{"rendered":"https:\/\/kakosmrsaviti.info\/shop\/?page_id=1394"},"modified":"2025-05-11T03:47:50","modified_gmt":"2025-05-11T01:47:50","slug":"nacini-placanja","status":"publish","type":"page","link":"https:\/\/kakosmrsaviti.info\/shop\/nacini-placanja\/","title":{"rendered":"Na\u010dini pla\u0107anja"},"content":{"rendered":"\n<h3 class=\"wp-block-heading\">1. Pouze\u0107em u gotovini prilikom preuzimanja proizvoda kod dostavlja\u010da<\/h3>\n\n\n\n<p>Pla\u0107anje pouze\u0107em omogu\u0107uje vam da narud\u017ebe podmirite prilikom same dostave na navedenu adresu odnosno tek kada proizvod vidite pred sobom. Pla\u0107anje pouze\u0107em vr\u0161i se isklju\u010divo u gotovini, dostavlja\u010du prilikom same isporuke na navedenu adresu. U slu\u010daju da primatelj nije u mogu\u0107nosti zaprimiti po\u0161iljku na definiranoj dostavnoj adresi u trenutku dostave, dostavlja\u010d ostavlja obavijest o prispije\u0107u po\u0161iljke.&nbsp;<\/p>\n\n\n\n<h3 class=\"wp-block-heading\">2. Karticama Maestro, MasterCard, Visa<\/h3>\n\n\n\n<p>Ako ste odabrali pla\u0107anje kreditnom karticom, na sigurnoj stranici myPOS odaberete vrstu kreditne kartice kojom pla\u0107ate ( MasterCard, Visa ili Maestro ) te upi\u0161ete podatke o vlasniku kreditne kartice i ostale potrebne podatke.<\/p>\n\n\n\n<ul class=\"wp-block-list\"><li>Jednokratno pla\u0107anje Visa, MasterCard i Maestro karticama\u00a0<\/li><\/ul>\n\n\n\n<figure class=\"wp-block-image size-large\"><img loading=\"lazy\" decoding=\"async\" width=\"296\" height=\"122\" src=\"https:\/\/kakosmrsaviti.info\/shop\/wp-content\/uploads\/2020\/10\/karticemypos.jpg\" alt=\"\" class=\"wp-image-1701\" title=\"\"><\/figure>\n\n\n\n<p><\/p>\n","protected":false},"excerpt":{"rendered":"<p>1. Pouze\u0107em u gotovini prilikom preuzimanja proizvoda kod dostavlja\u010da Pla\u0107anje pouze\u0107em omogu\u0107uje vam da narud\u017ebe podmirite prilikom same dostave na<\/p>\n","protected":false},"author":39,"featured_media":0,"parent":0,"menu_order":0,"comment_status":"closed","ping_status":"closed","template":"","meta":{"footnotes":""},"class_list":["post-1394","page","type-page","status-publish","hentry"],"_links":{"self":[{"href":"https:\/\/kakosmrsaviti.info\/shop\/wp-json\/wp\/v2\/pages\/1394","targetHints":{"allow":["GET"]}}],"collection":[{"href":"https:\/\/kakosmrsaviti.info\/shop\/wp-json\/wp\/v2\/pages"}],"about":[{"href":"https:\/\/kakosmrsaviti.info\/shop\/wp-json\/wp\/v2\/types\/page"}],"author":[{"embeddable":true,"href":"https:\/\/kakosmrsaviti.info\/shop\/wp-json\/wp\/v2\/users\/39"}],"replies":[{"embeddable":true,"href":"https:\/\/kakosmrsaviti.info\/shop\/wp-json\/wp\/v2\/comments?post=1394"}],"version-history":[{"count":5,"href":"https:\/\/kakosmrsaviti.info\/shop\/wp-json\/wp\/v2\/pages\/1394\/revisions"}],"predecessor-version":[{"id":1809,"href":"https:\/\/kakosmrsaviti.info\/shop\/wp-json\/wp\/v2\/pages\/1394\/revisions\/1809"}],"wp:attachment":[{"href":"https:\/\/kakosmrsaviti.info\/shop\/wp-json\/wp\/v2\/media?parent=1394"}],"curies":[{"name":"wp","href":"https:\/\/api.w.org\/{rel}","templated":true}]}}